{"id":20468,"date":"2024-05-14T15:21:05","date_gmt":"2024-05-14T15:21:05","guid":{"rendered":"https:\/\/ximivogue-ks.com\/?post_type=product&#038;p=20468"},"modified":"2024-06-14T13:26:20","modified_gmt":"2024-06-14T13:26:20","slug":"pasqyre-e-vogel-e-rrumbullaket-2","status":"publish","type":"product","link":"https:\/\/ximivogue-ks.com\/?product=pasqyre-e-vogel-e-rrumbullaket-2","title":{"rendered":"Pasqyr\u00eb e Vog\u00ebl e Rrumbullak\u00ebt"},"content":{"rendered":"","protected":false},"excerpt":{"rendered":"","protected":false},"featured_media":20509,"comment_status":"open","ping_status":"closed","template":"","meta":{"content-type":""},"product_cat":[1316],"product_tag":[],"class_list":{"0":"post-20468","1":"product","2":"type-product","3":"status-publish","4":"has-post-thumbnail","6":"product_cat-kozmetike","8":"first","9":"instock","10":"shipping-taxable","11":"purchasable","12":"product-type-simple"},"_links":{"self":[{"href":"https:\/\/ximivogue-ks.com\/index.php?rest_route=\/wp\/v2\/product\/20468","targetHints":{"allow":["GET"]}}],"collection":[{"href":"https:\/\/ximivogue-ks.com\/index.php?rest_route=\/wp\/v2\/product"}],"about":[{"href":"https:\/\/ximivogue-ks.com\/index.php?rest_route=\/wp\/v2\/types\/product"}],"replies":[{"embeddable":true,"href":"https:\/\/ximivogue-ks.com\/index.php?rest_route=%2Fwp%2Fv2%2Fcomments&post=20468"}],"wp:featuredmedia":[{"embeddable":true,"href":"https:\/\/ximivogue-ks.com\/index.php?rest_route=\/wp\/v2\/media\/20509"}],"wp:attachment":[{"href":"https:\/\/ximivogue-ks.com\/index.php?rest_route=%2Fwp%2Fv2%2Fmedia&parent=20468"}],"wp:term":[{"taxonomy":"product_cat","embeddable":true,"href":"https:\/\/ximivogue-ks.com\/index.php?rest_route=%2Fwp%2Fv2%2Fproduct_cat&post=20468"},{"taxonomy":"product_tag","embeddable":true,"href":"https:\/\/ximivogue-ks.com\/index.php?rest_route=%2Fwp%2Fv2%2Fproduct_tag&post=20468"}],"curies":[{"name":"wp","href":"https:\/\/api.w.org\/{rel}","templated":true}]}}