{"id":20554,"date":"2024-05-14T15:22:26","date_gmt":"2024-05-14T15:22:26","guid":{"rendered":"https:\/\/ximivogue-ks.com\/?post_type=product&#038;p=20554"},"modified":"2024-05-30T13:48:53","modified_gmt":"2024-05-30T13:48:53","slug":"gershere-kuzhine","status":"publish","type":"product","link":"https:\/\/ximivogue-ks.com\/?product=gershere-kuzhine","title":{"rendered":"G\u00ebrsh\u00ebr\u00eb Kuzhine"},"content":{"rendered":"","protected":false},"excerpt":{"rendered":"","protected":false},"featured_media":20584,"comment_status":"open","ping_status":"closed","template":"","meta":{"content-type":""},"product_cat":[1335,1315],"product_tag":[],"class_list":{"0":"post-20554","1":"product","2":"type-product","3":"status-publish","4":"has-post-thumbnail","6":"product_cat-pajisje-per-kuzhine","7":"product_cat-shtepiake","9":"first","10":"instock","11":"shipping-taxable","12":"purchasable","13":"product-type-simple"},"_links":{"self":[{"href":"https:\/\/ximivogue-ks.com\/index.php?rest_route=\/wp\/v2\/product\/20554","targetHints":{"allow":["GET"]}}],"collection":[{"href":"https:\/\/ximivogue-ks.com\/index.php?rest_route=\/wp\/v2\/product"}],"about":[{"href":"https:\/\/ximivogue-ks.com\/index.php?rest_route=\/wp\/v2\/types\/product"}],"replies":[{"embeddable":true,"href":"https:\/\/ximivogue-ks.com\/index.php?rest_route=%2Fwp%2Fv2%2Fcomments&post=20554"}],"wp:featuredmedia":[{"embeddable":true,"href":"https:\/\/ximivogue-ks.com\/index.php?rest_route=\/wp\/v2\/media\/20584"}],"wp:attachment":[{"href":"https:\/\/ximivogue-ks.com\/index.php?rest_route=%2Fwp%2Fv2%2Fmedia&parent=20554"}],"wp:term":[{"taxonomy":"product_cat","embeddable":true,"href":"https:\/\/ximivogue-ks.com\/index.php?rest_route=%2Fwp%2Fv2%2Fproduct_cat&post=20554"},{"taxonomy":"product_tag","embeddable":true,"href":"https:\/\/ximivogue-ks.com\/index.php?rest_route=%2Fwp%2Fv2%2Fproduct_tag&post=20554"}],"curies":[{"name":"wp","href":"https:\/\/api.w.org\/{rel}","templated":true}]}}