{"id":20557,"date":"2024-05-14T15:22:27","date_gmt":"2024-05-14T15:22:27","guid":{"rendered":"https:\/\/ximivogue-ks.com\/?post_type=product&#038;p=20557"},"modified":"2025-09-05T19:20:26","modified_gmt":"2025-09-05T19:20:26","slug":"shporte-per-te-brendshme-me-7-ndarje","status":"publish","type":"product","link":"https:\/\/ximivogue-ks.com\/?product=shporte-per-te-brendshme-me-7-ndarje","title":{"rendered":"Shport\u00eb p\u00ebr t\u00eb Brendshme me 7 Ndarje"},"content":{"rendered":"","protected":false},"excerpt":{"rendered":"","protected":false},"featured_media":20603,"comment_status":"open","ping_status":"closed","template":"","meta":{"content-type":""},"product_cat":[1315],"product_tag":[],"class_list":{"0":"post-20557","1":"product","2":"type-product","3":"status-publish","4":"has-post-thumbnail","6":"product_cat-shtepiake","8":"first","9":"outofstock","10":"shipping-taxable","11":"purchasable","12":"product-type-simple"},"_links":{"self":[{"href":"https:\/\/ximivogue-ks.com\/index.php?rest_route=\/wp\/v2\/product\/20557","targetHints":{"allow":["GET"]}}],"collection":[{"href":"https:\/\/ximivogue-ks.com\/index.php?rest_route=\/wp\/v2\/product"}],"about":[{"href":"https:\/\/ximivogue-ks.com\/index.php?rest_route=\/wp\/v2\/types\/product"}],"replies":[{"embeddable":true,"href":"https:\/\/ximivogue-ks.com\/index.php?rest_route=%2Fwp%2Fv2%2Fcomments&post=20557"}],"wp:featuredmedia":[{"embeddable":true,"href":"https:\/\/ximivogue-ks.com\/index.php?rest_route=\/wp\/v2\/media\/20603"}],"wp:attachment":[{"href":"https:\/\/ximivogue-ks.com\/index.php?rest_route=%2Fwp%2Fv2%2Fmedia&parent=20557"}],"wp:term":[{"taxonomy":"product_cat","embeddable":true,"href":"https:\/\/ximivogue-ks.com\/index.php?rest_route=%2Fwp%2Fv2%2Fproduct_cat&post=20557"},{"taxonomy":"product_tag","embeddable":true,"href":"https:\/\/ximivogue-ks.com\/index.php?rest_route=%2Fwp%2Fv2%2Fproduct_tag&post=20557"}],"curies":[{"name":"wp","href":"https:\/\/api.w.org\/{rel}","templated":true}]}}