{"id":20910,"date":"2024-05-14T15:28:02","date_gmt":"2024-05-14T15:28:02","guid":{"rendered":"https:\/\/ximivogue-ks.com\/?post_type=product&#038;p=20910"},"modified":"2024-05-30T07:22:45","modified_gmt":"2024-05-30T07:22:45","slug":"cante-trendy-ne-forme-zemre","status":"publish","type":"product","link":"https:\/\/ximivogue-ks.com\/?product=cante-trendy-ne-forme-zemre","title":{"rendered":"\u00c7ant\u00eb Trendy n\u00eb Form\u00eb Zemre"},"content":{"rendered":"","protected":false},"excerpt":{"rendered":"","protected":false},"featured_media":20934,"comment_status":"open","ping_status":"closed","template":"","meta":{"content-type":""},"product_cat":[1319,1336],"product_tag":[],"class_list":{"0":"post-20910","1":"product","2":"type-product","3":"status-publish","4":"has-post-thumbnail","6":"product_cat-canta","7":"product_cat-canta-per-femije","9":"first","10":"instock","11":"shipping-taxable","12":"purchasable","13":"product-type-simple"},"_links":{"self":[{"href":"https:\/\/ximivogue-ks.com\/index.php?rest_route=\/wp\/v2\/product\/20910","targetHints":{"allow":["GET"]}}],"collection":[{"href":"https:\/\/ximivogue-ks.com\/index.php?rest_route=\/wp\/v2\/product"}],"about":[{"href":"https:\/\/ximivogue-ks.com\/index.php?rest_route=\/wp\/v2\/types\/product"}],"replies":[{"embeddable":true,"href":"https:\/\/ximivogue-ks.com\/index.php?rest_route=%2Fwp%2Fv2%2Fcomments&post=20910"}],"wp:featuredmedia":[{"embeddable":true,"href":"https:\/\/ximivogue-ks.com\/index.php?rest_route=\/wp\/v2\/media\/20934"}],"wp:attachment":[{"href":"https:\/\/ximivogue-ks.com\/index.php?rest_route=%2Fwp%2Fv2%2Fmedia&parent=20910"}],"wp:term":[{"taxonomy":"product_cat","embeddable":true,"href":"https:\/\/ximivogue-ks.com\/index.php?rest_route=%2Fwp%2Fv2%2Fproduct_cat&post=20910"},{"taxonomy":"product_tag","embeddable":true,"href":"https:\/\/ximivogue-ks.com\/index.php?rest_route=%2Fwp%2Fv2%2Fproduct_tag&post=20910"}],"curies":[{"name":"wp","href":"https:\/\/api.w.org\/{rel}","templated":true}]}}