{"id":20956,"date":"2024-05-14T15:29:07","date_gmt":"2024-05-14T15:29:07","guid":{"rendered":"https:\/\/ximivogue-ks.com\/?post_type=product&#038;p=20956"},"modified":"2024-10-21T13:00:03","modified_gmt":"2024-10-21T13:00:03","slug":"mbeshtjelles-adapteri-per-iphone-green","status":"publish","type":"product","link":"https:\/\/ximivogue-ks.com\/?product=mbeshtjelles-adapteri-per-iphone-green","title":{"rendered":"Mb\u00ebshtjell\u00ebs Adapteri p\u00ebr Iphone (Green)"},"content":{"rendered":"","protected":false},"excerpt":{"rendered":"","protected":false},"featured_media":21003,"comment_status":"open","ping_status":"closed","template":"","meta":{"content-type":""},"product_cat":[1320],"product_tag":[],"class_list":{"0":"post-20956","1":"product","2":"type-product","3":"status-publish","4":"has-post-thumbnail","6":"product_cat-teknologji","8":"first","9":"outofstock","10":"shipping-taxable","11":"purchasable","12":"product-type-simple"},"_links":{"self":[{"href":"https:\/\/ximivogue-ks.com\/index.php?rest_route=\/wp\/v2\/product\/20956","targetHints":{"allow":["GET"]}}],"collection":[{"href":"https:\/\/ximivogue-ks.com\/index.php?rest_route=\/wp\/v2\/product"}],"about":[{"href":"https:\/\/ximivogue-ks.com\/index.php?rest_route=\/wp\/v2\/types\/product"}],"replies":[{"embeddable":true,"href":"https:\/\/ximivogue-ks.com\/index.php?rest_route=%2Fwp%2Fv2%2Fcomments&post=20956"}],"wp:featuredmedia":[{"embeddable":true,"href":"https:\/\/ximivogue-ks.com\/index.php?rest_route=\/wp\/v2\/media\/21003"}],"wp:attachment":[{"href":"https:\/\/ximivogue-ks.com\/index.php?rest_route=%2Fwp%2Fv2%2Fmedia&parent=20956"}],"wp:term":[{"taxonomy":"product_cat","embeddable":true,"href":"https:\/\/ximivogue-ks.com\/index.php?rest_route=%2Fwp%2Fv2%2Fproduct_cat&post=20956"},{"taxonomy":"product_tag","embeddable":true,"href":"https:\/\/ximivogue-ks.com\/index.php?rest_route=%2Fwp%2Fv2%2Fproduct_tag&post=20956"}],"curies":[{"name":"wp","href":"https:\/\/api.w.org\/{rel}","templated":true}]}}