{"id":21247,"date":"2024-05-14T15:35:11","date_gmt":"2024-05-14T15:35:11","guid":{"rendered":"https:\/\/ximivogue-ks.com\/?post_type=product&#038;p=21247"},"modified":"2024-10-05T15:37:26","modified_gmt":"2024-10-05T15:37:26","slug":"brusha-per-grim-me-cante-lekure-8pcs-2","status":"publish","type":"product","link":"https:\/\/ximivogue-ks.com\/?product=brusha-per-grim-me-cante-lekure-8pcs-2","title":{"rendered":"Brusha p\u00ebr Grim me \u00c7ant\u00eb L\u00ebkure  8pcs"},"content":{"rendered":"","protected":false},"excerpt":{"rendered":"","protected":false},"featured_media":21298,"comment_status":"open","ping_status":"closed","template":"","meta":{"content-type":""},"product_cat":[1316,1346],"product_tag":[],"class_list":{"0":"post-21247","1":"product","2":"type-product","3":"status-publish","4":"has-post-thumbnail","6":"product_cat-kozmetike","7":"product_cat-make-up","9":"first","10":"instock","11":"shipping-taxable","12":"purchasable","13":"product-type-simple"},"_links":{"self":[{"href":"https:\/\/ximivogue-ks.com\/index.php?rest_route=\/wp\/v2\/product\/21247","targetHints":{"allow":["GET"]}}],"collection":[{"href":"https:\/\/ximivogue-ks.com\/index.php?rest_route=\/wp\/v2\/product"}],"about":[{"href":"https:\/\/ximivogue-ks.com\/index.php?rest_route=\/wp\/v2\/types\/product"}],"replies":[{"embeddable":true,"href":"https:\/\/ximivogue-ks.com\/index.php?rest_route=%2Fwp%2Fv2%2Fcomments&post=21247"}],"wp:featuredmedia":[{"embeddable":true,"href":"https:\/\/ximivogue-ks.com\/index.php?rest_route=\/wp\/v2\/media\/21298"}],"wp:attachment":[{"href":"https:\/\/ximivogue-ks.com\/index.php?rest_route=%2Fwp%2Fv2%2Fmedia&parent=21247"}],"wp:term":[{"taxonomy":"product_cat","embeddable":true,"href":"https:\/\/ximivogue-ks.com\/index.php?rest_route=%2Fwp%2Fv2%2Fproduct_cat&post=21247"},{"taxonomy":"product_tag","embeddable":true,"href":"https:\/\/ximivogue-ks.com\/index.php?rest_route=%2Fwp%2Fv2%2Fproduct_tag&post=21247"}],"curies":[{"name":"wp","href":"https:\/\/api.w.org\/{rel}","templated":true}]}}