{"id":21455,"date":"2024-05-14T15:39:18","date_gmt":"2024-05-14T15:39:18","guid":{"rendered":"https:\/\/ximivogue-ks.com\/?post_type=product&#038;p=21455"},"modified":"2024-06-07T13:38:01","modified_gmt":"2024-06-07T13:38:01","slug":"rere-me-modele-kafsheve","status":"publish","type":"product","link":"https:\/\/ximivogue-ks.com\/?product=rere-me-modele-kafsheve","title":{"rendered":"R\u00ebr\u00eb me Modele Kafsh\u00ebve"},"content":{"rendered":"","protected":false},"excerpt":{"rendered":"","protected":false},"featured_media":21498,"comment_status":"open","ping_status":"closed","template":"","meta":{"content-type":""},"product_cat":[1322,1342],"product_tag":[],"class_list":{"0":"post-21455","1":"product","2":"type-product","3":"status-publish","4":"has-post-thumbnail","6":"product_cat-lodra","7":"product_cat-lodra-kreative-dhe-formuese","9":"first","10":"instock","11":"shipping-taxable","12":"purchasable","13":"product-type-simple"},"_links":{"self":[{"href":"https:\/\/ximivogue-ks.com\/index.php?rest_route=\/wp\/v2\/product\/21455","targetHints":{"allow":["GET"]}}],"collection":[{"href":"https:\/\/ximivogue-ks.com\/index.php?rest_route=\/wp\/v2\/product"}],"about":[{"href":"https:\/\/ximivogue-ks.com\/index.php?rest_route=\/wp\/v2\/types\/product"}],"replies":[{"embeddable":true,"href":"https:\/\/ximivogue-ks.com\/index.php?rest_route=%2Fwp%2Fv2%2Fcomments&post=21455"}],"wp:featuredmedia":[{"embeddable":true,"href":"https:\/\/ximivogue-ks.com\/index.php?rest_route=\/wp\/v2\/media\/21498"}],"wp:attachment":[{"href":"https:\/\/ximivogue-ks.com\/index.php?rest_route=%2Fwp%2Fv2%2Fmedia&parent=21455"}],"wp:term":[{"taxonomy":"product_cat","embeddable":true,"href":"https:\/\/ximivogue-ks.com\/index.php?rest_route=%2Fwp%2Fv2%2Fproduct_cat&post=21455"},{"taxonomy":"product_tag","embeddable":true,"href":"https:\/\/ximivogue-ks.com\/index.php?rest_route=%2Fwp%2Fv2%2Fproduct_tag&post=21455"}],"curies":[{"name":"wp","href":"https:\/\/api.w.org\/{rel}","templated":true}]}}