{"id":21744,"date":"2024-05-14T15:44:47","date_gmt":"2024-05-14T15:44:47","guid":{"rendered":"https:\/\/ximivogue-ks.com\/?post_type=product&#038;p=21744"},"modified":"2024-06-07T11:58:56","modified_gmt":"2024-06-07T11:58:56","slug":"lidhese-flokesh-ne-forme-zemre-4-cope","status":"publish","type":"product","link":"https:\/\/ximivogue-ks.com\/?product=lidhese-flokesh-ne-forme-zemre-4-cope","title":{"rendered":"Lidh\u00ebse Flok\u00ebsh n\u00eb Form\u00eb Zemre (4 Cop\u00eb)"},"content":{"rendered":"","protected":false},"excerpt":{"rendered":"","protected":false},"featured_media":21796,"comment_status":"open","ping_status":"closed","template":"","meta":{"content-type":""},"product_cat":[1318,1348],"product_tag":[],"class_list":{"0":"post-21744","1":"product","2":"type-product","3":"status-publish","4":"has-post-thumbnail","6":"product_cat-aksesor","7":"product_cat-aksesor-per-femije","9":"first","10":"instock","11":"shipping-taxable","12":"purchasable","13":"product-type-simple"},"_links":{"self":[{"href":"https:\/\/ximivogue-ks.com\/index.php?rest_route=\/wp\/v2\/product\/21744","targetHints":{"allow":["GET"]}}],"collection":[{"href":"https:\/\/ximivogue-ks.com\/index.php?rest_route=\/wp\/v2\/product"}],"about":[{"href":"https:\/\/ximivogue-ks.com\/index.php?rest_route=\/wp\/v2\/types\/product"}],"replies":[{"embeddable":true,"href":"https:\/\/ximivogue-ks.com\/index.php?rest_route=%2Fwp%2Fv2%2Fcomments&post=21744"}],"wp:featuredmedia":[{"embeddable":true,"href":"https:\/\/ximivogue-ks.com\/index.php?rest_route=\/wp\/v2\/media\/21796"}],"wp:attachment":[{"href":"https:\/\/ximivogue-ks.com\/index.php?rest_route=%2Fwp%2Fv2%2Fmedia&parent=21744"}],"wp:term":[{"taxonomy":"product_cat","embeddable":true,"href":"https:\/\/ximivogue-ks.com\/index.php?rest_route=%2Fwp%2Fv2%2Fproduct_cat&post=21744"},{"taxonomy":"product_tag","embeddable":true,"href":"https:\/\/ximivogue-ks.com\/index.php?rest_route=%2Fwp%2Fv2%2Fproduct_tag&post=21744"}],"curies":[{"name":"wp","href":"https:\/\/api.w.org\/{rel}","templated":true}]}}