{"id":21768,"date":"2024-05-14T15:45:12","date_gmt":"2024-05-14T15:45:12","guid":{"rendered":"https:\/\/ximivogue-ks.com\/?post_type=product&#038;p=21768"},"modified":"2024-06-07T11:54:17","modified_gmt":"2024-06-07T11:54:17","slug":"set-kapese-per-flok-7","status":"publish","type":"product","link":"https:\/\/ximivogue-ks.com\/?product=set-kapese-per-flok-7","title":{"rendered":"Set Kap\u00ebse p\u00ebr Flok\u00eb #7"},"content":{"rendered":"","protected":false},"excerpt":{"rendered":"","protected":false},"featured_media":21820,"comment_status":"open","ping_status":"closed","template":"","meta":{"content-type":""},"product_cat":[1318],"product_tag":[],"class_list":{"0":"post-21768","1":"product","2":"type-product","3":"status-publish","4":"has-post-thumbnail","6":"product_cat-aksesor","8":"first","9":"instock","10":"shipping-taxable","11":"purchasable","12":"product-type-simple"},"_links":{"self":[{"href":"https:\/\/ximivogue-ks.com\/index.php?rest_route=\/wp\/v2\/product\/21768","targetHints":{"allow":["GET"]}}],"collection":[{"href":"https:\/\/ximivogue-ks.com\/index.php?rest_route=\/wp\/v2\/product"}],"about":[{"href":"https:\/\/ximivogue-ks.com\/index.php?rest_route=\/wp\/v2\/types\/product"}],"replies":[{"embeddable":true,"href":"https:\/\/ximivogue-ks.com\/index.php?rest_route=%2Fwp%2Fv2%2Fcomments&post=21768"}],"wp:featuredmedia":[{"embeddable":true,"href":"https:\/\/ximivogue-ks.com\/index.php?rest_route=\/wp\/v2\/media\/21820"}],"wp:attachment":[{"href":"https:\/\/ximivogue-ks.com\/index.php?rest_route=%2Fwp%2Fv2%2Fmedia&parent=21768"}],"wp:term":[{"taxonomy":"product_cat","embeddable":true,"href":"https:\/\/ximivogue-ks.com\/index.php?rest_route=%2Fwp%2Fv2%2Fproduct_cat&post=21768"},{"taxonomy":"product_tag","embeddable":true,"href":"https:\/\/ximivogue-ks.com\/index.php?rest_route=%2Fwp%2Fv2%2Fproduct_tag&post=21768"}],"curies":[{"name":"wp","href":"https:\/\/api.w.org\/{rel}","templated":true}]}}