{"id":21882,"date":"2024-05-14T15:47:21","date_gmt":"2024-05-14T15:47:21","guid":{"rendered":"https:\/\/ximivogue-ks.com\/?post_type=product&#038;p=21882"},"modified":"2024-06-20T13:25:54","modified_gmt":"2024-06-20T13:25:54","slug":"lidhese-flokesh-dopamine-ne-kuti-50-cope","status":"publish","type":"product","link":"https:\/\/ximivogue-ks.com\/?product=lidhese-flokesh-dopamine-ne-kuti-50-cope","title":{"rendered":"Lidh\u00ebse Flok\u00ebsh Dopamine n\u00eb Kuti (50 Cop\u00eb)"},"content":{"rendered":"","protected":false},"excerpt":{"rendered":"","protected":false},"featured_media":21932,"comment_status":"open","ping_status":"closed","template":"","meta":{"content-type":""},"product_cat":[1318],"product_tag":[],"class_list":{"0":"post-21882","1":"product","2":"type-product","3":"status-publish","4":"has-post-thumbnail","6":"product_cat-aksesor","8":"first","9":"instock","10":"shipping-taxable","11":"purchasable","12":"product-type-simple"},"_links":{"self":[{"href":"https:\/\/ximivogue-ks.com\/index.php?rest_route=\/wp\/v2\/product\/21882","targetHints":{"allow":["GET"]}}],"collection":[{"href":"https:\/\/ximivogue-ks.com\/index.php?rest_route=\/wp\/v2\/product"}],"about":[{"href":"https:\/\/ximivogue-ks.com\/index.php?rest_route=\/wp\/v2\/types\/product"}],"replies":[{"embeddable":true,"href":"https:\/\/ximivogue-ks.com\/index.php?rest_route=%2Fwp%2Fv2%2Fcomments&post=21882"}],"wp:featuredmedia":[{"embeddable":true,"href":"https:\/\/ximivogue-ks.com\/index.php?rest_route=\/wp\/v2\/media\/21932"}],"wp:attachment":[{"href":"https:\/\/ximivogue-ks.com\/index.php?rest_route=%2Fwp%2Fv2%2Fmedia&parent=21882"}],"wp:term":[{"taxonomy":"product_cat","embeddable":true,"href":"https:\/\/ximivogue-ks.com\/index.php?rest_route=%2Fwp%2Fv2%2Fproduct_cat&post=21882"},{"taxonomy":"product_tag","embeddable":true,"href":"https:\/\/ximivogue-ks.com\/index.php?rest_route=%2Fwp%2Fv2%2Fproduct_tag&post=21882"}],"curies":[{"name":"wp","href":"https:\/\/api.w.org\/{rel}","templated":true}]}}