{"id":22300,"date":"2024-05-14T15:56:31","date_gmt":"2024-05-14T15:56:31","guid":{"rendered":"https:\/\/ximivogue-ks.com\/?post_type=product&#038;p=22300"},"modified":"2024-06-06T14:24:13","modified_gmt":"2024-06-06T14:24:13","slug":"lidhese-flokesh-colorful-ne-kuti-2","status":"publish","type":"product","link":"https:\/\/ximivogue-ks.com\/?product=lidhese-flokesh-colorful-ne-kuti-2","title":{"rendered":"Lidh\u00ebse Flok\u00ebsh Colorful n\u00eb Kuti"},"content":{"rendered":"","protected":false},"excerpt":{"rendered":"","protected":false},"featured_media":22343,"comment_status":"open","ping_status":"closed","template":"","meta":{"content-type":""},"product_cat":[1318,1348],"product_tag":[],"class_list":{"0":"post-22300","1":"product","2":"type-product","3":"status-publish","4":"has-post-thumbnail","6":"product_cat-aksesor","7":"product_cat-aksesor-per-femije","9":"first","10":"instock","11":"shipping-taxable","12":"purchasable","13":"product-type-simple"},"_links":{"self":[{"href":"https:\/\/ximivogue-ks.com\/index.php?rest_route=\/wp\/v2\/product\/22300","targetHints":{"allow":["GET"]}}],"collection":[{"href":"https:\/\/ximivogue-ks.com\/index.php?rest_route=\/wp\/v2\/product"}],"about":[{"href":"https:\/\/ximivogue-ks.com\/index.php?rest_route=\/wp\/v2\/types\/product"}],"replies":[{"embeddable":true,"href":"https:\/\/ximivogue-ks.com\/index.php?rest_route=%2Fwp%2Fv2%2Fcomments&post=22300"}],"wp:featuredmedia":[{"embeddable":true,"href":"https:\/\/ximivogue-ks.com\/index.php?rest_route=\/wp\/v2\/media\/22343"}],"wp:attachment":[{"href":"https:\/\/ximivogue-ks.com\/index.php?rest_route=%2Fwp%2Fv2%2Fmedia&parent=22300"}],"wp:term":[{"taxonomy":"product_cat","embeddable":true,"href":"https:\/\/ximivogue-ks.com\/index.php?rest_route=%2Fwp%2Fv2%2Fproduct_cat&post=22300"},{"taxonomy":"product_tag","embeddable":true,"href":"https:\/\/ximivogue-ks.com\/index.php?rest_route=%2Fwp%2Fv2%2Fproduct_tag&post=22300"}],"curies":[{"name":"wp","href":"https:\/\/api.w.org\/{rel}","templated":true}]}}