{"id":23137,"date":"2024-05-14T16:59:08","date_gmt":"2024-05-14T16:59:08","guid":{"rendered":"https:\/\/ximivogue-ks.com\/?post_type=product&#038;p=23137"},"modified":"2024-06-01T10:08:25","modified_gmt":"2024-06-01T10:08:25","slug":"gershere-kuzhine-multifunksionale","status":"publish","type":"product","link":"https:\/\/ximivogue-ks.com\/?product=gershere-kuzhine-multifunksionale","title":{"rendered":"G\u00ebrsh\u00ebr\u00eb Kuzhine Multifunksionale"},"content":{"rendered":"","protected":false},"excerpt":{"rendered":"","protected":false},"featured_media":23187,"comment_status":"open","ping_status":"closed","template":"","meta":{"content-type":""},"product_cat":[1335,1315],"product_tag":[],"class_list":{"0":"post-23137","1":"product","2":"type-product","3":"status-publish","4":"has-post-thumbnail","6":"product_cat-pajisje-per-kuzhine","7":"product_cat-shtepiake","9":"first","10":"instock","11":"shipping-taxable","12":"purchasable","13":"product-type-simple"},"_links":{"self":[{"href":"https:\/\/ximivogue-ks.com\/index.php?rest_route=\/wp\/v2\/product\/23137","targetHints":{"allow":["GET"]}}],"collection":[{"href":"https:\/\/ximivogue-ks.com\/index.php?rest_route=\/wp\/v2\/product"}],"about":[{"href":"https:\/\/ximivogue-ks.com\/index.php?rest_route=\/wp\/v2\/types\/product"}],"replies":[{"embeddable":true,"href":"https:\/\/ximivogue-ks.com\/index.php?rest_route=%2Fwp%2Fv2%2Fcomments&post=23137"}],"wp:featuredmedia":[{"embeddable":true,"href":"https:\/\/ximivogue-ks.com\/index.php?rest_route=\/wp\/v2\/media\/23187"}],"wp:attachment":[{"href":"https:\/\/ximivogue-ks.com\/index.php?rest_route=%2Fwp%2Fv2%2Fmedia&parent=23137"}],"wp:term":[{"taxonomy":"product_cat","embeddable":true,"href":"https:\/\/ximivogue-ks.com\/index.php?rest_route=%2Fwp%2Fv2%2Fproduct_cat&post=23137"},{"taxonomy":"product_tag","embeddable":true,"href":"https:\/\/ximivogue-ks.com\/index.php?rest_route=%2Fwp%2Fv2%2Fproduct_tag&post=23137"}],"curies":[{"name":"wp","href":"https:\/\/api.w.org\/{rel}","templated":true}]}}