{"id":23845,"date":"2024-05-14T17:14:13","date_gmt":"2024-05-14T17:14:13","guid":{"rendered":"https:\/\/ximivogue-ks.com\/?post_type=product&#038;p=23845"},"modified":"2024-05-30T08:54:31","modified_gmt":"2024-05-30T08:54:31","slug":"jastek-portativ-ne-forme-u","status":"publish","type":"product","link":"https:\/\/ximivogue-ks.com\/?product=jastek-portativ-ne-forme-u","title":{"rendered":"Jast\u00ebk Portativ n\u00eb Form\u00eb U"},"content":{"rendered":"","protected":false},"excerpt":{"rendered":"","protected":false},"featured_media":23895,"comment_status":"open","ping_status":"closed","template":"","meta":{"content-type":""},"product_cat":[1326],"product_tag":[],"class_list":{"0":"post-23845","1":"product","2":"type-product","3":"status-publish","4":"has-post-thumbnail","6":"product_cat-pellusha-jastek","8":"first","9":"instock","10":"shipping-taxable","11":"purchasable","12":"product-type-simple"},"_links":{"self":[{"href":"https:\/\/ximivogue-ks.com\/index.php?rest_route=\/wp\/v2\/product\/23845","targetHints":{"allow":["GET"]}}],"collection":[{"href":"https:\/\/ximivogue-ks.com\/index.php?rest_route=\/wp\/v2\/product"}],"about":[{"href":"https:\/\/ximivogue-ks.com\/index.php?rest_route=\/wp\/v2\/types\/product"}],"replies":[{"embeddable":true,"href":"https:\/\/ximivogue-ks.com\/index.php?rest_route=%2Fwp%2Fv2%2Fcomments&post=23845"}],"wp:featuredmedia":[{"embeddable":true,"href":"https:\/\/ximivogue-ks.com\/index.php?rest_route=\/wp\/v2\/media\/23895"}],"wp:attachment":[{"href":"https:\/\/ximivogue-ks.com\/index.php?rest_route=%2Fwp%2Fv2%2Fmedia&parent=23845"}],"wp:term":[{"taxonomy":"product_cat","embeddable":true,"href":"https:\/\/ximivogue-ks.com\/index.php?rest_route=%2Fwp%2Fv2%2Fproduct_cat&post=23845"},{"taxonomy":"product_tag","embeddable":true,"href":"https:\/\/ximivogue-ks.com\/index.php?rest_route=%2Fwp%2Fv2%2Fproduct_tag&post=23845"}],"curies":[{"name":"wp","href":"https:\/\/api.w.org\/{rel}","templated":true}]}}