{"id":23960,"date":"2024-05-14T17:16:47","date_gmt":"2024-05-14T17:16:47","guid":{"rendered":"https:\/\/ximivogue-ks.com\/?post_type=product&#038;p=23960"},"modified":"2024-05-30T08:49:24","modified_gmt":"2024-05-30T08:49:24","slug":"loje-me-thase-rere","status":"publish","type":"product","link":"https:\/\/ximivogue-ks.com\/?product=loje-me-thase-rere","title":{"rendered":"Loj\u00eb me Thas\u00eb R\u00ebre"},"content":{"rendered":"","protected":false},"excerpt":{"rendered":"","protected":false},"featured_media":24010,"comment_status":"open","ping_status":"closed","template":"","meta":{"content-type":""},"product_cat":[1322,1343],"product_tag":[],"class_list":{"0":"post-23960","1":"product","2":"type-product","3":"status-publish","4":"has-post-thumbnail","6":"product_cat-lodra","7":"product_cat-lodra-per-vajza-dhe-djeme","9":"first","10":"instock","11":"shipping-taxable","12":"purchasable","13":"product-type-simple"},"_links":{"self":[{"href":"https:\/\/ximivogue-ks.com\/index.php?rest_route=\/wp\/v2\/product\/23960","targetHints":{"allow":["GET"]}}],"collection":[{"href":"https:\/\/ximivogue-ks.com\/index.php?rest_route=\/wp\/v2\/product"}],"about":[{"href":"https:\/\/ximivogue-ks.com\/index.php?rest_route=\/wp\/v2\/types\/product"}],"replies":[{"embeddable":true,"href":"https:\/\/ximivogue-ks.com\/index.php?rest_route=%2Fwp%2Fv2%2Fcomments&post=23960"}],"wp:featuredmedia":[{"embeddable":true,"href":"https:\/\/ximivogue-ks.com\/index.php?rest_route=\/wp\/v2\/media\/24010"}],"wp:attachment":[{"href":"https:\/\/ximivogue-ks.com\/index.php?rest_route=%2Fwp%2Fv2%2Fmedia&parent=23960"}],"wp:term":[{"taxonomy":"product_cat","embeddable":true,"href":"https:\/\/ximivogue-ks.com\/index.php?rest_route=%2Fwp%2Fv2%2Fproduct_cat&post=23960"},{"taxonomy":"product_tag","embeddable":true,"href":"https:\/\/ximivogue-ks.com\/index.php?rest_route=%2Fwp%2Fv2%2Fproduct_tag&post=23960"}],"curies":[{"name":"wp","href":"https:\/\/api.w.org\/{rel}","templated":true}]}}