{"id":24393,"date":"2024-05-14T17:26:03","date_gmt":"2024-05-14T17:26:03","guid":{"rendered":"https:\/\/ximivogue-ks.com\/?post_type=product&#038;p=24393"},"modified":"2024-05-26T18:12:30","modified_gmt":"2024-05-26T18:12:30","slug":"ombrelle-per-femije","status":"publish","type":"product","link":"https:\/\/ximivogue-ks.com\/?product=ombrelle-per-femije","title":{"rendered":"Ombrell\u00eb p\u00ebr F\u00ebmij\u00eb"},"content":{"rendered":"","protected":false},"excerpt":{"rendered":"","protected":false},"featured_media":24433,"comment_status":"open","ping_status":"closed","template":"","meta":{"content-type":""},"product_cat":[1331,1323],"product_tag":[],"class_list":{"0":"post-24393","1":"product","2":"type-product","3":"status-publish","4":"has-post-thumbnail","6":"product_cat-ombrella","7":"product_cat-sezonale","9":"first","10":"instock","11":"shipping-taxable","12":"purchasable","13":"product-type-simple"},"_links":{"self":[{"href":"https:\/\/ximivogue-ks.com\/index.php?rest_route=\/wp\/v2\/product\/24393","targetHints":{"allow":["GET"]}}],"collection":[{"href":"https:\/\/ximivogue-ks.com\/index.php?rest_route=\/wp\/v2\/product"}],"about":[{"href":"https:\/\/ximivogue-ks.com\/index.php?rest_route=\/wp\/v2\/types\/product"}],"replies":[{"embeddable":true,"href":"https:\/\/ximivogue-ks.com\/index.php?rest_route=%2Fwp%2Fv2%2Fcomments&post=24393"}],"wp:featuredmedia":[{"embeddable":true,"href":"https:\/\/ximivogue-ks.com\/index.php?rest_route=\/wp\/v2\/media\/24433"}],"wp:attachment":[{"href":"https:\/\/ximivogue-ks.com\/index.php?rest_route=%2Fwp%2Fv2%2Fmedia&parent=24393"}],"wp:term":[{"taxonomy":"product_cat","embeddable":true,"href":"https:\/\/ximivogue-ks.com\/index.php?rest_route=%2Fwp%2Fv2%2Fproduct_cat&post=24393"},{"taxonomy":"product_tag","embeddable":true,"href":"https:\/\/ximivogue-ks.com\/index.php?rest_route=%2Fwp%2Fv2%2Fproduct_tag&post=24393"}],"curies":[{"name":"wp","href":"https:\/\/api.w.org\/{rel}","templated":true}]}}