{"id":25022,"date":"2024-08-08T13:28:55","date_gmt":"2024-08-08T13:28:55","guid":{"rendered":"https:\/\/ximivogue-ks.com\/?post_type=product&#038;p=25022"},"modified":"2024-11-06T12:45:25","modified_gmt":"2024-11-06T12:45:25","slug":"degjuse-pa-tela-e-serise-cool-cat-kalter-bt-1700","status":"publish","type":"product","link":"https:\/\/ximivogue-ks.com\/?product=degjuse-pa-tela-e-serise-cool-cat-kalter-bt-1700","title":{"rendered":"D\u00ebgjuse pa tela e seris\u00eb &#8220;Cool Cat&#8221; (Kalt\u00ebr) BT-1700"},"content":{"rendered":"","protected":false},"excerpt":{"rendered":"","protected":false},"featured_media":25039,"comment_status":"open","ping_status":"closed","template":"","meta":{"content-type":""},"product_cat":[1320],"product_tag":[],"class_list":{"0":"post-25022","1":"product","2":"type-product","3":"status-publish","4":"has-post-thumbnail","6":"product_cat-teknologji","8":"first","9":"instock","10":"shipping-taxable","11":"purchasable","12":"product-type-simple"},"_links":{"self":[{"href":"https:\/\/ximivogue-ks.com\/index.php?rest_route=\/wp\/v2\/product\/25022","targetHints":{"allow":["GET"]}}],"collection":[{"href":"https:\/\/ximivogue-ks.com\/index.php?rest_route=\/wp\/v2\/product"}],"about":[{"href":"https:\/\/ximivogue-ks.com\/index.php?rest_route=\/wp\/v2\/types\/product"}],"replies":[{"embeddable":true,"href":"https:\/\/ximivogue-ks.com\/index.php?rest_route=%2Fwp%2Fv2%2Fcomments&post=25022"}],"wp:featuredmedia":[{"embeddable":true,"href":"https:\/\/ximivogue-ks.com\/index.php?rest_route=\/wp\/v2\/media\/25039"}],"wp:attachment":[{"href":"https:\/\/ximivogue-ks.com\/index.php?rest_route=%2Fwp%2Fv2%2Fmedia&parent=25022"}],"wp:term":[{"taxonomy":"product_cat","embeddable":true,"href":"https:\/\/ximivogue-ks.com\/index.php?rest_route=%2Fwp%2Fv2%2Fproduct_cat&post=25022"},{"taxonomy":"product_tag","embeddable":true,"href":"https:\/\/ximivogue-ks.com\/index.php?rest_route=%2Fwp%2Fv2%2Fproduct_tag&post=25022"}],"curies":[{"name":"wp","href":"https:\/\/api.w.org\/{rel}","templated":true}]}}