{"id":25032,"date":"2024-08-08T13:28:58","date_gmt":"2024-08-08T13:28:58","guid":{"rendered":"https:\/\/ximivogue-ks.com\/?post_type=product&#038;p=25032"},"modified":"2026-04-16T18:01:12","modified_gmt":"2026-04-16T18:01:12","slug":"2-4g-kombinim-tastiere-maus-me-forme-ariu-vjollce-qw05","status":"publish","type":"product","link":"https:\/\/ximivogue-ks.com\/?product=2-4g-kombinim-tastiere-maus-me-forme-ariu-vjollce-qw05","title":{"rendered":"2.4G Kombinim Tastier\u00eb + Maus  me Form\u00eb Ariu (Vjollc\u00eb) QW05"},"content":{"rendered":"","protected":false},"excerpt":{"rendered":"","protected":false},"featured_media":25056,"comment_status":"open","ping_status":"closed","template":"","meta":{"content-type":""},"product_cat":[1320],"product_tag":[],"class_list":{"0":"post-25032","1":"product","2":"type-product","3":"status-publish","4":"has-post-thumbnail","6":"product_cat-teknologji","8":"first","9":"outofstock","10":"sale","11":"shipping-taxable","12":"purchasable","13":"product-type-simple"},"_links":{"self":[{"href":"https:\/\/ximivogue-ks.com\/index.php?rest_route=\/wp\/v2\/product\/25032","targetHints":{"allow":["GET"]}}],"collection":[{"href":"https:\/\/ximivogue-ks.com\/index.php?rest_route=\/wp\/v2\/product"}],"about":[{"href":"https:\/\/ximivogue-ks.com\/index.php?rest_route=\/wp\/v2\/types\/product"}],"replies":[{"embeddable":true,"href":"https:\/\/ximivogue-ks.com\/index.php?rest_route=%2Fwp%2Fv2%2Fcomments&post=25032"}],"wp:featuredmedia":[{"embeddable":true,"href":"https:\/\/ximivogue-ks.com\/index.php?rest_route=\/wp\/v2\/media\/25056"}],"wp:attachment":[{"href":"https:\/\/ximivogue-ks.com\/index.php?rest_route=%2Fwp%2Fv2%2Fmedia&parent=25032"}],"wp:term":[{"taxonomy":"product_cat","embeddable":true,"href":"https:\/\/ximivogue-ks.com\/index.php?rest_route=%2Fwp%2Fv2%2Fproduct_cat&post=25032"},{"taxonomy":"product_tag","embeddable":true,"href":"https:\/\/ximivogue-ks.com\/index.php?rest_route=%2Fwp%2Fv2%2Fproduct_tag&post=25032"}],"curies":[{"name":"wp","href":"https:\/\/api.w.org\/{rel}","templated":true}]}}