{"id":25047,"date":"2024-08-08T13:29:20","date_gmt":"2024-08-08T13:29:20","guid":{"rendered":"https:\/\/ximivogue-ks.com\/?post_type=product&#038;p=25047"},"modified":"2025-09-01T17:40:09","modified_gmt":"2025-09-01T17:40:09","slug":"set-bizhuterish-per-femije-me-cante-kuti-dhe-syze","status":"publish","type":"product","link":"https:\/\/ximivogue-ks.com\/?product=set-bizhuterish-per-femije-me-cante-kuti-dhe-syze","title":{"rendered":"Set Bizhuterish p\u00ebr F\u00ebmij\u00eb me \u00c7ant\u00eb, Kuti dhe Syze"},"content":{"rendered":"","protected":false},"excerpt":{"rendered":"","protected":false},"featured_media":25069,"comment_status":"open","ping_status":"closed","template":"","meta":{"content-type":""},"product_cat":[1318,1348],"product_tag":[],"class_list":{"0":"post-25047","1":"product","2":"type-product","3":"status-publish","4":"has-post-thumbnail","6":"product_cat-aksesor","7":"product_cat-aksesor-per-femije","9":"first","10":"outofstock","11":"shipping-taxable","12":"purchasable","13":"product-type-simple"},"_links":{"self":[{"href":"https:\/\/ximivogue-ks.com\/index.php?rest_route=\/wp\/v2\/product\/25047","targetHints":{"allow":["GET"]}}],"collection":[{"href":"https:\/\/ximivogue-ks.com\/index.php?rest_route=\/wp\/v2\/product"}],"about":[{"href":"https:\/\/ximivogue-ks.com\/index.php?rest_route=\/wp\/v2\/types\/product"}],"replies":[{"embeddable":true,"href":"https:\/\/ximivogue-ks.com\/index.php?rest_route=%2Fwp%2Fv2%2Fcomments&post=25047"}],"wp:featuredmedia":[{"embeddable":true,"href":"https:\/\/ximivogue-ks.com\/index.php?rest_route=\/wp\/v2\/media\/25069"}],"wp:attachment":[{"href":"https:\/\/ximivogue-ks.com\/index.php?rest_route=%2Fwp%2Fv2%2Fmedia&parent=25047"}],"wp:term":[{"taxonomy":"product_cat","embeddable":true,"href":"https:\/\/ximivogue-ks.com\/index.php?rest_route=%2Fwp%2Fv2%2Fproduct_cat&post=25047"},{"taxonomy":"product_tag","embeddable":true,"href":"https:\/\/ximivogue-ks.com\/index.php?rest_route=%2Fwp%2Fv2%2Fproduct_tag&post=25047"}],"curies":[{"name":"wp","href":"https:\/\/api.w.org\/{rel}","templated":true}]}}