{"id":25076,"date":"2024-08-08T13:30:10","date_gmt":"2024-08-08T13:30:10","guid":{"rendered":"https:\/\/ximivogue-ks.com\/?post_type=product&#038;p=25076"},"modified":"2024-11-06T13:05:40","modified_gmt":"2024-11-06T13:05:40","slug":"gersheta-ne-forme-zemre-shumengjyreshe","status":"publish","type":"product","link":"https:\/\/ximivogue-ks.com\/?product=gersheta-ne-forme-zemre-shumengjyreshe","title":{"rendered":"G\u00ebrsheta n\u00eb form\u00eb zemre shum\u00ebngjyr\u00ebshe"},"content":{"rendered":"","protected":false},"excerpt":{"rendered":"","protected":false},"featured_media":25085,"comment_status":"open","ping_status":"closed","template":"","meta":{"content-type":""},"product_cat":[1348],"product_tag":[],"class_list":{"0":"post-25076","1":"product","2":"type-product","3":"status-publish","4":"has-post-thumbnail","6":"product_cat-aksesor-per-femije","8":"first","9":"instock","10":"shipping-taxable","11":"purchasable","12":"product-type-simple"},"_links":{"self":[{"href":"https:\/\/ximivogue-ks.com\/index.php?rest_route=\/wp\/v2\/product\/25076","targetHints":{"allow":["GET"]}}],"collection":[{"href":"https:\/\/ximivogue-ks.com\/index.php?rest_route=\/wp\/v2\/product"}],"about":[{"href":"https:\/\/ximivogue-ks.com\/index.php?rest_route=\/wp\/v2\/types\/product"}],"replies":[{"embeddable":true,"href":"https:\/\/ximivogue-ks.com\/index.php?rest_route=%2Fwp%2Fv2%2Fcomments&post=25076"}],"wp:featuredmedia":[{"embeddable":true,"href":"https:\/\/ximivogue-ks.com\/index.php?rest_route=\/wp\/v2\/media\/25085"}],"wp:attachment":[{"href":"https:\/\/ximivogue-ks.com\/index.php?rest_route=%2Fwp%2Fv2%2Fmedia&parent=25076"}],"wp:term":[{"taxonomy":"product_cat","embeddable":true,"href":"https:\/\/ximivogue-ks.com\/index.php?rest_route=%2Fwp%2Fv2%2Fproduct_cat&post=25076"},{"taxonomy":"product_tag","embeddable":true,"href":"https:\/\/ximivogue-ks.com\/index.php?rest_route=%2Fwp%2Fv2%2Fproduct_tag&post=25076"}],"curies":[{"name":"wp","href":"https:\/\/api.w.org\/{rel}","templated":true}]}}