{"id":25078,"date":"2024-08-08T13:30:12","date_gmt":"2024-08-08T13:30:12","guid":{"rendered":"https:\/\/ximivogue-ks.com\/?post_type=product&#038;p=25078"},"modified":"2024-11-06T13:05:57","modified_gmt":"2024-11-06T13:05:57","slug":"vathe-te-thjeshte-ne-forme-rrethore","status":"publish","type":"product","link":"https:\/\/ximivogue-ks.com\/?product=vathe-te-thjeshte-ne-forme-rrethore","title":{"rendered":"Vath\u00eb t\u00eb Thjesht\u00eb n\u00eb form\u00eb rrethore"},"content":{"rendered":"","protected":false},"excerpt":{"rendered":"","protected":false},"featured_media":25086,"comment_status":"open","ping_status":"closed","template":"","meta":{"content-type":""},"product_cat":[1318],"product_tag":[],"class_list":{"0":"post-25078","1":"product","2":"type-product","3":"status-publish","4":"has-post-thumbnail","6":"product_cat-aksesor","8":"first","9":"instock","10":"shipping-taxable","11":"purchasable","12":"product-type-simple"},"_links":{"self":[{"href":"https:\/\/ximivogue-ks.com\/index.php?rest_route=\/wp\/v2\/product\/25078","targetHints":{"allow":["GET"]}}],"collection":[{"href":"https:\/\/ximivogue-ks.com\/index.php?rest_route=\/wp\/v2\/product"}],"about":[{"href":"https:\/\/ximivogue-ks.com\/index.php?rest_route=\/wp\/v2\/types\/product"}],"replies":[{"embeddable":true,"href":"https:\/\/ximivogue-ks.com\/index.php?rest_route=%2Fwp%2Fv2%2Fcomments&post=25078"}],"wp:featuredmedia":[{"embeddable":true,"href":"https:\/\/ximivogue-ks.com\/index.php?rest_route=\/wp\/v2\/media\/25086"}],"wp:attachment":[{"href":"https:\/\/ximivogue-ks.com\/index.php?rest_route=%2Fwp%2Fv2%2Fmedia&parent=25078"}],"wp:term":[{"taxonomy":"product_cat","embeddable":true,"href":"https:\/\/ximivogue-ks.com\/index.php?rest_route=%2Fwp%2Fv2%2Fproduct_cat&post=25078"},{"taxonomy":"product_tag","embeddable":true,"href":"https:\/\/ximivogue-ks.com\/index.php?rest_route=%2Fwp%2Fv2%2Fproduct_tag&post=25078"}],"curies":[{"name":"wp","href":"https:\/\/api.w.org\/{rel}","templated":true}]}}