{"id":25091,"date":"2024-08-08T13:30:36","date_gmt":"2024-08-08T13:30:36","guid":{"rendered":"https:\/\/ximivogue-ks.com\/?post_type=product&#038;p=25091"},"modified":"2024-11-06T11:21:48","modified_gmt":"2024-11-06T11:21:48","slug":"set-kukullash-larese-per-vajza-te-vogla","status":"publish","type":"product","link":"https:\/\/ximivogue-ks.com\/?product=set-kukullash-larese-per-vajza-te-vogla","title":{"rendered":"Set kukullash lar\u00ebse p\u00ebr Vajza t\u00eb vogla"},"content":{"rendered":"","protected":false},"excerpt":{"rendered":"","protected":false},"featured_media":25098,"comment_status":"open","ping_status":"closed","template":"","meta":{"content-type":""},"product_cat":[1322,1340],"product_tag":[],"class_list":{"0":"post-25091","1":"product","2":"type-product","3":"status-publish","4":"has-post-thumbnail","6":"product_cat-lodra","7":"product_cat-lodra-per-vajza","9":"first","10":"instock","11":"shipping-taxable","12":"purchasable","13":"product-type-simple"},"_links":{"self":[{"href":"https:\/\/ximivogue-ks.com\/index.php?rest_route=\/wp\/v2\/product\/25091","targetHints":{"allow":["GET"]}}],"collection":[{"href":"https:\/\/ximivogue-ks.com\/index.php?rest_route=\/wp\/v2\/product"}],"about":[{"href":"https:\/\/ximivogue-ks.com\/index.php?rest_route=\/wp\/v2\/types\/product"}],"replies":[{"embeddable":true,"href":"https:\/\/ximivogue-ks.com\/index.php?rest_route=%2Fwp%2Fv2%2Fcomments&post=25091"}],"wp:featuredmedia":[{"embeddable":true,"href":"https:\/\/ximivogue-ks.com\/index.php?rest_route=\/wp\/v2\/media\/25098"}],"wp:attachment":[{"href":"https:\/\/ximivogue-ks.com\/index.php?rest_route=%2Fwp%2Fv2%2Fmedia&parent=25091"}],"wp:term":[{"taxonomy":"product_cat","embeddable":true,"href":"https:\/\/ximivogue-ks.com\/index.php?rest_route=%2Fwp%2Fv2%2Fproduct_cat&post=25091"},{"taxonomy":"product_tag","embeddable":true,"href":"https:\/\/ximivogue-ks.com\/index.php?rest_route=%2Fwp%2Fv2%2Fproduct_tag&post=25091"}],"curies":[{"name":"wp","href":"https:\/\/api.w.org\/{rel}","templated":true}]}}