{"id":25102,"date":"2024-08-08T13:30:51","date_gmt":"2024-08-08T13:30:51","guid":{"rendered":"https:\/\/ximivogue-ks.com\/?post_type=product&#038;p=25102"},"modified":"2025-02-05T13:21:31","modified_gmt":"2025-02-05T13:21:31","slug":"bllok-shenimesh-me-spirale-i-thjeshte-per-organizim-ditore-a4","status":"publish","type":"product","link":"https:\/\/ximivogue-ks.com\/?product=bllok-shenimesh-me-spirale-i-thjeshte-per-organizim-ditore-a4","title":{"rendered":"Bllok sh\u00ebnimesh me Spirale i thjesht\u00eb p\u00ebr organizim ditor\u00eb A4"},"content":{"rendered":"","protected":false},"excerpt":{"rendered":"","protected":false},"featured_media":25129,"comment_status":"open","ping_status":"closed","template":"","meta":{"content-type":""},"product_cat":[1325],"product_tag":[],"class_list":{"0":"post-25102","1":"product","2":"type-product","3":"status-publish","4":"has-post-thumbnail","6":"product_cat-mjete-shkollore-zyre","8":"first","9":"outofstock","10":"shipping-taxable","11":"purchasable","12":"product-type-simple"},"_links":{"self":[{"href":"https:\/\/ximivogue-ks.com\/index.php?rest_route=\/wp\/v2\/product\/25102","targetHints":{"allow":["GET"]}}],"collection":[{"href":"https:\/\/ximivogue-ks.com\/index.php?rest_route=\/wp\/v2\/product"}],"about":[{"href":"https:\/\/ximivogue-ks.com\/index.php?rest_route=\/wp\/v2\/types\/product"}],"replies":[{"embeddable":true,"href":"https:\/\/ximivogue-ks.com\/index.php?rest_route=%2Fwp%2Fv2%2Fcomments&post=25102"}],"wp:featuredmedia":[{"embeddable":true,"href":"https:\/\/ximivogue-ks.com\/index.php?rest_route=\/wp\/v2\/media\/25129"}],"wp:attachment":[{"href":"https:\/\/ximivogue-ks.com\/index.php?rest_route=%2Fwp%2Fv2%2Fmedia&parent=25102"}],"wp:term":[{"taxonomy":"product_cat","embeddable":true,"href":"https:\/\/ximivogue-ks.com\/index.php?rest_route=%2Fwp%2Fv2%2Fproduct_cat&post=25102"},{"taxonomy":"product_tag","embeddable":true,"href":"https:\/\/ximivogue-ks.com\/index.php?rest_route=%2Fwp%2Fv2%2Fproduct_tag&post=25102"}],"curies":[{"name":"wp","href":"https:\/\/api.w.org\/{rel}","templated":true}]}}