{"id":25105,"date":"2024-08-08T13:30:52","date_gmt":"2024-08-08T13:30:52","guid":{"rendered":"https:\/\/ximivogue-ks.com\/?post_type=product&#038;p=25105"},"modified":"2024-11-06T11:21:36","modified_gmt":"2024-11-06T11:21:36","slug":"bllok-shenimesh-i-thjeshte-per-organizim-ditore-b5-jeshile","status":"publish","type":"product","link":"https:\/\/ximivogue-ks.com\/?product=bllok-shenimesh-i-thjeshte-per-organizim-ditore-b5-jeshile","title":{"rendered":"Bllok sh\u00ebnimesh  i thjesht\u00eb p\u00ebr organizim ditor\u00eb B5 (Jeshile)"},"content":{"rendered":"","protected":false},"excerpt":{"rendered":"","protected":false},"featured_media":25132,"comment_status":"open","ping_status":"closed","template":"","meta":{"content-type":""},"product_cat":[1325],"product_tag":[],"class_list":{"0":"post-25105","1":"product","2":"type-product","3":"status-publish","4":"has-post-thumbnail","6":"product_cat-mjete-shkollore-zyre","8":"first","9":"outofstock","10":"shipping-taxable","11":"purchasable","12":"product-type-simple"},"_links":{"self":[{"href":"https:\/\/ximivogue-ks.com\/index.php?rest_route=\/wp\/v2\/product\/25105","targetHints":{"allow":["GET"]}}],"collection":[{"href":"https:\/\/ximivogue-ks.com\/index.php?rest_route=\/wp\/v2\/product"}],"about":[{"href":"https:\/\/ximivogue-ks.com\/index.php?rest_route=\/wp\/v2\/types\/product"}],"replies":[{"embeddable":true,"href":"https:\/\/ximivogue-ks.com\/index.php?rest_route=%2Fwp%2Fv2%2Fcomments&post=25105"}],"wp:featuredmedia":[{"embeddable":true,"href":"https:\/\/ximivogue-ks.com\/index.php?rest_route=\/wp\/v2\/media\/25132"}],"wp:attachment":[{"href":"https:\/\/ximivogue-ks.com\/index.php?rest_route=%2Fwp%2Fv2%2Fmedia&parent=25105"}],"wp:term":[{"taxonomy":"product_cat","embeddable":true,"href":"https:\/\/ximivogue-ks.com\/index.php?rest_route=%2Fwp%2Fv2%2Fproduct_cat&post=25105"},{"taxonomy":"product_tag","embeddable":true,"href":"https:\/\/ximivogue-ks.com\/index.php?rest_route=%2Fwp%2Fv2%2Fproduct_tag&post=25105"}],"curies":[{"name":"wp","href":"https:\/\/api.w.org\/{rel}","templated":true}]}}