{"id":25114,"date":"2024-08-08T13:30:53","date_gmt":"2024-08-08T13:30:53","guid":{"rendered":"https:\/\/ximivogue-ks.com\/?post_type=product&#038;p=25114"},"modified":"2024-11-06T11:21:27","modified_gmt":"2024-11-06T11:21:27","slug":"stilolaps-ne-ngjyre-te-zeze-tree-bird-wiggle-0-5mm","status":"publish","type":"product","link":"https:\/\/ximivogue-ks.com\/?product=stilolaps-ne-ngjyre-te-zeze-tree-bird-wiggle-0-5mm","title":{"rendered":"Stilolaps n\u00eb ngjyr\u00eb t\u00eb zez\u00eb Tree Bird Wiggle 0.5mm"},"content":{"rendered":"","protected":false},"excerpt":{"rendered":"","protected":false},"featured_media":25150,"comment_status":"open","ping_status":"closed","template":"","meta":{"content-type":""},"product_cat":[1325],"product_tag":[],"class_list":{"0":"post-25114","1":"product","2":"type-product","3":"status-publish","4":"has-post-thumbnail","6":"product_cat-mjete-shkollore-zyre","8":"first","9":"instock","10":"shipping-taxable","11":"purchasable","12":"product-type-simple"},"_links":{"self":[{"href":"https:\/\/ximivogue-ks.com\/index.php?rest_route=\/wp\/v2\/product\/25114","targetHints":{"allow":["GET"]}}],"collection":[{"href":"https:\/\/ximivogue-ks.com\/index.php?rest_route=\/wp\/v2\/product"}],"about":[{"href":"https:\/\/ximivogue-ks.com\/index.php?rest_route=\/wp\/v2\/types\/product"}],"replies":[{"embeddable":true,"href":"https:\/\/ximivogue-ks.com\/index.php?rest_route=%2Fwp%2Fv2%2Fcomments&post=25114"}],"wp:featuredmedia":[{"embeddable":true,"href":"https:\/\/ximivogue-ks.com\/index.php?rest_route=\/wp\/v2\/media\/25150"}],"wp:attachment":[{"href":"https:\/\/ximivogue-ks.com\/index.php?rest_route=%2Fwp%2Fv2%2Fmedia&parent=25114"}],"wp:term":[{"taxonomy":"product_cat","embeddable":true,"href":"https:\/\/ximivogue-ks.com\/index.php?rest_route=%2Fwp%2Fv2%2Fproduct_cat&post=25114"},{"taxonomy":"product_tag","embeddable":true,"href":"https:\/\/ximivogue-ks.com\/index.php?rest_route=%2Fwp%2Fv2%2Fproduct_tag&post=25114"}],"curies":[{"name":"wp","href":"https:\/\/api.w.org\/{rel}","templated":true}]}}