{"id":25138,"date":"2024-08-08T13:31:18","date_gmt":"2024-08-08T13:31:18","guid":{"rendered":"https:\/\/ximivogue-ks.com\/?post_type=product&#038;p=25138"},"modified":"2024-11-06T11:24:17","modified_gmt":"2024-11-06T11:24:17","slug":"brushe-flokesh-rosa-e-verdhe-jastek-ajri-ariu","status":"publish","type":"product","link":"https:\/\/ximivogue-ks.com\/?product=brushe-flokesh-rosa-e-verdhe-jastek-ajri-ariu","title":{"rendered":"Brush\u00eb flok\u00ebsh Rosa e verdh\u00eb\/ Jast\u00ebk ajri Ariu"},"content":{"rendered":"","protected":false},"excerpt":{"rendered":"","protected":false},"featured_media":25181,"comment_status":"open","ping_status":"closed","template":"","meta":{"content-type":""},"product_cat":[1316,1344],"product_tag":[],"class_list":{"0":"post-25138","1":"product","2":"type-product","3":"status-publish","4":"has-post-thumbnail","6":"product_cat-kozmetike","7":"product_cat-produkte-per-floke","9":"first","10":"instock","11":"shipping-taxable","12":"purchasable","13":"product-type-simple"},"_links":{"self":[{"href":"https:\/\/ximivogue-ks.com\/index.php?rest_route=\/wp\/v2\/product\/25138","targetHints":{"allow":["GET"]}}],"collection":[{"href":"https:\/\/ximivogue-ks.com\/index.php?rest_route=\/wp\/v2\/product"}],"about":[{"href":"https:\/\/ximivogue-ks.com\/index.php?rest_route=\/wp\/v2\/types\/product"}],"replies":[{"embeddable":true,"href":"https:\/\/ximivogue-ks.com\/index.php?rest_route=%2Fwp%2Fv2%2Fcomments&post=25138"}],"wp:featuredmedia":[{"embeddable":true,"href":"https:\/\/ximivogue-ks.com\/index.php?rest_route=\/wp\/v2\/media\/25181"}],"wp:attachment":[{"href":"https:\/\/ximivogue-ks.com\/index.php?rest_route=%2Fwp%2Fv2%2Fmedia&parent=25138"}],"wp:term":[{"taxonomy":"product_cat","embeddable":true,"href":"https:\/\/ximivogue-ks.com\/index.php?rest_route=%2Fwp%2Fv2%2Fproduct_cat&post=25138"},{"taxonomy":"product_tag","embeddable":true,"href":"https:\/\/ximivogue-ks.com\/index.php?rest_route=%2Fwp%2Fv2%2Fproduct_tag&post=25138"}],"curies":[{"name":"wp","href":"https:\/\/api.w.org\/{rel}","templated":true}]}}