{"id":25144,"date":"2024-08-08T13:31:20","date_gmt":"2024-08-08T13:31:20","guid":{"rendered":"https:\/\/ximivogue-ks.com\/?post_type=product&#038;p=25144"},"modified":"2024-11-06T13:24:11","modified_gmt":"2024-11-06T13:24:11","slug":"peshqir-per-banjo-njeperdorimesh-70140cm-1-cope-pakete","status":"publish","type":"product","link":"https:\/\/ximivogue-ks.com\/?product=peshqir-per-banjo-njeperdorimesh-70140cm-1-cope-pakete","title":{"rendered":"Peshqir p\u00ebr banjo nj\u00ebp\u00ebrdorim\u00ebsh (70*140cm-1 cop\u00eb\/paket\u00eb)"},"content":{"rendered":"","protected":false},"excerpt":{"rendered":"","protected":false},"featured_media":25187,"comment_status":"open","ping_status":"closed","template":"","meta":{"content-type":""},"product_cat":[1349],"product_tag":[],"class_list":{"0":"post-25144","1":"product","2":"type-product","3":"status-publish","4":"has-post-thumbnail","6":"product_cat-higjena","8":"first","9":"instock","10":"shipping-taxable","11":"purchasable","12":"product-type-simple"},"_links":{"self":[{"href":"https:\/\/ximivogue-ks.com\/index.php?rest_route=\/wp\/v2\/product\/25144","targetHints":{"allow":["GET"]}}],"collection":[{"href":"https:\/\/ximivogue-ks.com\/index.php?rest_route=\/wp\/v2\/product"}],"about":[{"href":"https:\/\/ximivogue-ks.com\/index.php?rest_route=\/wp\/v2\/types\/product"}],"replies":[{"embeddable":true,"href":"https:\/\/ximivogue-ks.com\/index.php?rest_route=%2Fwp%2Fv2%2Fcomments&post=25144"}],"wp:featuredmedia":[{"embeddable":true,"href":"https:\/\/ximivogue-ks.com\/index.php?rest_route=\/wp\/v2\/media\/25187"}],"wp:attachment":[{"href":"https:\/\/ximivogue-ks.com\/index.php?rest_route=%2Fwp%2Fv2%2Fmedia&parent=25144"}],"wp:term":[{"taxonomy":"product_cat","embeddable":true,"href":"https:\/\/ximivogue-ks.com\/index.php?rest_route=%2Fwp%2Fv2%2Fproduct_cat&post=25144"},{"taxonomy":"product_tag","embeddable":true,"href":"https:\/\/ximivogue-ks.com\/index.php?rest_route=%2Fwp%2Fv2%2Fproduct_tag&post=25144"}],"curies":[{"name":"wp","href":"https:\/\/api.w.org\/{rel}","templated":true}]}}