{"id":25145,"date":"2024-08-08T13:31:20","date_gmt":"2024-08-08T13:31:20","guid":{"rendered":"https:\/\/ximivogue-ks.com\/?post_type=product&#038;p=25145"},"modified":"2024-11-06T13:24:37","modified_gmt":"2024-11-06T13:24:37","slug":"peshqire-njeperdorimesh-per-pastrimin-e-fytyres-2020cm-20-cope-pakete","status":"publish","type":"product","link":"https:\/\/ximivogue-ks.com\/?product=peshqire-njeperdorimesh-per-pastrimin-e-fytyres-2020cm-20-cope-pakete","title":{"rendered":"Peshqir\u00eb nj\u00ebp\u00ebrdorim\u00ebsh p\u00ebr pastrimin e fytyr\u00ebs (20*20cm-20 cop\u00eb\/paket\u00eb)"},"content":{"rendered":"","protected":false},"excerpt":{"rendered":"","protected":false},"featured_media":25188,"comment_status":"open","ping_status":"closed","template":"","meta":{"content-type":""},"product_cat":[1349],"product_tag":[],"class_list":{"0":"post-25145","1":"product","2":"type-product","3":"status-publish","4":"has-post-thumbnail","6":"product_cat-higjena","8":"first","9":"instock","10":"shipping-taxable","11":"purchasable","12":"product-type-simple"},"_links":{"self":[{"href":"https:\/\/ximivogue-ks.com\/index.php?rest_route=\/wp\/v2\/product\/25145","targetHints":{"allow":["GET"]}}],"collection":[{"href":"https:\/\/ximivogue-ks.com\/index.php?rest_route=\/wp\/v2\/product"}],"about":[{"href":"https:\/\/ximivogue-ks.com\/index.php?rest_route=\/wp\/v2\/types\/product"}],"replies":[{"embeddable":true,"href":"https:\/\/ximivogue-ks.com\/index.php?rest_route=%2Fwp%2Fv2%2Fcomments&post=25145"}],"wp:featuredmedia":[{"embeddable":true,"href":"https:\/\/ximivogue-ks.com\/index.php?rest_route=\/wp\/v2\/media\/25188"}],"wp:attachment":[{"href":"https:\/\/ximivogue-ks.com\/index.php?rest_route=%2Fwp%2Fv2%2Fmedia&parent=25145"}],"wp:term":[{"taxonomy":"product_cat","embeddable":true,"href":"https:\/\/ximivogue-ks.com\/index.php?rest_route=%2Fwp%2Fv2%2Fproduct_cat&post=25145"},{"taxonomy":"product_tag","embeddable":true,"href":"https:\/\/ximivogue-ks.com\/index.php?rest_route=%2Fwp%2Fv2%2Fproduct_tag&post=25145"}],"curies":[{"name":"wp","href":"https:\/\/api.w.org\/{rel}","templated":true}]}}