{"id":25160,"date":"2024-08-08T13:31:43","date_gmt":"2024-08-08T13:31:43","guid":{"rendered":"https:\/\/ximivogue-ks.com\/?post_type=product&#038;p=25160"},"modified":"2024-11-06T11:13:27","modified_gmt":"2024-11-06T11:13:27","slug":"prerese-vetullash-te-serise-little-case-2-cope-sy340","status":"publish","type":"product","link":"https:\/\/ximivogue-ks.com\/?product=prerese-vetullash-te-serise-little-case-2-cope-sy340","title":{"rendered":"Prer\u00ebse Vetullash  t\u00eb seris\u00eb Little Case 2 cop\u00eb SY340"},"content":{"rendered":"","protected":false},"excerpt":{"rendered":"","protected":false},"featured_media":25202,"comment_status":"open","ping_status":"closed","template":"","meta":{"content-type":""},"product_cat":[1316,1345],"product_tag":[],"class_list":{"0":"post-25160","1":"product","2":"type-product","3":"status-publish","4":"has-post-thumbnail","6":"product_cat-kozmetike","7":"product_cat-produkte-per-fytyre","9":"first","10":"instock","11":"shipping-taxable","12":"purchasable","13":"product-type-simple"},"_links":{"self":[{"href":"https:\/\/ximivogue-ks.com\/index.php?rest_route=\/wp\/v2\/product\/25160","targetHints":{"allow":["GET"]}}],"collection":[{"href":"https:\/\/ximivogue-ks.com\/index.php?rest_route=\/wp\/v2\/product"}],"about":[{"href":"https:\/\/ximivogue-ks.com\/index.php?rest_route=\/wp\/v2\/types\/product"}],"replies":[{"embeddable":true,"href":"https:\/\/ximivogue-ks.com\/index.php?rest_route=%2Fwp%2Fv2%2Fcomments&post=25160"}],"wp:featuredmedia":[{"embeddable":true,"href":"https:\/\/ximivogue-ks.com\/index.php?rest_route=\/wp\/v2\/media\/25202"}],"wp:attachment":[{"href":"https:\/\/ximivogue-ks.com\/index.php?rest_route=%2Fwp%2Fv2%2Fmedia&parent=25160"}],"wp:term":[{"taxonomy":"product_cat","embeddable":true,"href":"https:\/\/ximivogue-ks.com\/index.php?rest_route=%2Fwp%2Fv2%2Fproduct_cat&post=25160"},{"taxonomy":"product_tag","embeddable":true,"href":"https:\/\/ximivogue-ks.com\/index.php?rest_route=%2Fwp%2Fv2%2Fproduct_tag&post=25160"}],"curies":[{"name":"wp","href":"https:\/\/api.w.org\/{rel}","templated":true}]}}