{"id":25161,"date":"2024-08-08T13:31:43","date_gmt":"2024-08-08T13:31:43","guid":{"rendered":"https:\/\/ximivogue-ks.com\/?post_type=product&#038;p=25161"},"modified":"2024-11-06T11:13:50","modified_gmt":"2024-11-06T11:13:50","slug":"heqes-qimesh-te-serise-little-case-3-cope-sy331","status":"publish","type":"product","link":"https:\/\/ximivogue-ks.com\/?product=heqes-qimesh-te-serise-little-case-3-cope-sy331","title":{"rendered":"Heq\u00ebs qimesh t\u00eb seris\u00eb Little Case 3 cop\u00eb SY331"},"content":{"rendered":"","protected":false},"excerpt":{"rendered":"","protected":false},"featured_media":25203,"comment_status":"open","ping_status":"closed","template":"","meta":{"content-type":""},"product_cat":[1316,1345],"product_tag":[],"class_list":{"0":"post-25161","1":"product","2":"type-product","3":"status-publish","4":"has-post-thumbnail","6":"product_cat-kozmetike","7":"product_cat-produkte-per-fytyre","9":"first","10":"instock","11":"shipping-taxable","12":"purchasable","13":"product-type-simple"},"_links":{"self":[{"href":"https:\/\/ximivogue-ks.com\/index.php?rest_route=\/wp\/v2\/product\/25161","targetHints":{"allow":["GET"]}}],"collection":[{"href":"https:\/\/ximivogue-ks.com\/index.php?rest_route=\/wp\/v2\/product"}],"about":[{"href":"https:\/\/ximivogue-ks.com\/index.php?rest_route=\/wp\/v2\/types\/product"}],"replies":[{"embeddable":true,"href":"https:\/\/ximivogue-ks.com\/index.php?rest_route=%2Fwp%2Fv2%2Fcomments&post=25161"}],"wp:featuredmedia":[{"embeddable":true,"href":"https:\/\/ximivogue-ks.com\/index.php?rest_route=\/wp\/v2\/media\/25203"}],"wp:attachment":[{"href":"https:\/\/ximivogue-ks.com\/index.php?rest_route=%2Fwp%2Fv2%2Fmedia&parent=25161"}],"wp:term":[{"taxonomy":"product_cat","embeddable":true,"href":"https:\/\/ximivogue-ks.com\/index.php?rest_route=%2Fwp%2Fv2%2Fproduct_cat&post=25161"},{"taxonomy":"product_tag","embeddable":true,"href":"https:\/\/ximivogue-ks.com\/index.php?rest_route=%2Fwp%2Fv2%2Fproduct_tag&post=25161"}],"curies":[{"name":"wp","href":"https:\/\/api.w.org\/{rel}","templated":true}]}}