{"id":25162,"date":"2024-08-08T13:31:44","date_gmt":"2024-08-08T13:31:44","guid":{"rendered":"https:\/\/ximivogue-ks.com\/?post_type=product&#038;p=25162"},"modified":"2024-11-06T11:12:24","modified_gmt":"2024-11-06T11:12:24","slug":"brush-per-grim-te-serise-little-case-3-cope-sy610","status":"publish","type":"product","link":"https:\/\/ximivogue-ks.com\/?product=brush-per-grim-te-serise-little-case-3-cope-sy610","title":{"rendered":"Brush p\u00ebr Grim t\u00eb seris\u00eb Little Case 3 cop\u00eb SY610"},"content":{"rendered":"","protected":false},"excerpt":{"rendered":"","protected":false},"featured_media":25204,"comment_status":"open","ping_status":"closed","template":"","meta":{"content-type":""},"product_cat":[1316,1345],"product_tag":[],"class_list":{"0":"post-25162","1":"product","2":"type-product","3":"status-publish","4":"has-post-thumbnail","6":"product_cat-kozmetike","7":"product_cat-produkte-per-fytyre","9":"first","10":"instock","11":"shipping-taxable","12":"purchasable","13":"product-type-simple"},"_links":{"self":[{"href":"https:\/\/ximivogue-ks.com\/index.php?rest_route=\/wp\/v2\/product\/25162","targetHints":{"allow":["GET"]}}],"collection":[{"href":"https:\/\/ximivogue-ks.com\/index.php?rest_route=\/wp\/v2\/product"}],"about":[{"href":"https:\/\/ximivogue-ks.com\/index.php?rest_route=\/wp\/v2\/types\/product"}],"replies":[{"embeddable":true,"href":"https:\/\/ximivogue-ks.com\/index.php?rest_route=%2Fwp%2Fv2%2Fcomments&post=25162"}],"wp:featuredmedia":[{"embeddable":true,"href":"https:\/\/ximivogue-ks.com\/index.php?rest_route=\/wp\/v2\/media\/25204"}],"wp:attachment":[{"href":"https:\/\/ximivogue-ks.com\/index.php?rest_route=%2Fwp%2Fv2%2Fmedia&parent=25162"}],"wp:term":[{"taxonomy":"product_cat","embeddable":true,"href":"https:\/\/ximivogue-ks.com\/index.php?rest_route=%2Fwp%2Fv2%2Fproduct_cat&post=25162"},{"taxonomy":"product_tag","embeddable":true,"href":"https:\/\/ximivogue-ks.com\/index.php?rest_route=%2Fwp%2Fv2%2Fproduct_tag&post=25162"}],"curies":[{"name":"wp","href":"https:\/\/api.w.org\/{rel}","templated":true}]}}