{"id":25274,"date":"2024-08-08T13:34:03","date_gmt":"2024-08-08T13:34:03","guid":{"rendered":"https:\/\/ximivogue-ks.com\/?post_type=product&#038;p=25274"},"modified":"2024-11-06T13:10:10","modified_gmt":"2024-11-06T13:10:10","slug":"kapele-peshkatari-me-ngjyra-te-ndryshme-me-tharje-te-shpejte","status":"publish","type":"product","link":"https:\/\/ximivogue-ks.com\/?product=kapele-peshkatari-me-ngjyra-te-ndryshme-me-tharje-te-shpejte","title":{"rendered":"Kapel\u00eb peshkatari me ngjyra t\u00eb ndryshme me tharje t\u00eb shpejt\u00eb"},"content":{"rendered":"","protected":false},"excerpt":{"rendered":"","protected":false},"featured_media":25295,"comment_status":"open","ping_status":"closed","template":"","meta":{"content-type":""},"product_cat":[1323,1324],"product_tag":[],"class_list":{"0":"post-25274","1":"product","2":"type-product","3":"status-publish","4":"has-post-thumbnail","6":"product_cat-sezonale","7":"product_cat-veshmbathje","9":"first","10":"instock","11":"shipping-taxable","12":"purchasable","13":"product-type-simple"},"_links":{"self":[{"href":"https:\/\/ximivogue-ks.com\/index.php?rest_route=\/wp\/v2\/product\/25274","targetHints":{"allow":["GET"]}}],"collection":[{"href":"https:\/\/ximivogue-ks.com\/index.php?rest_route=\/wp\/v2\/product"}],"about":[{"href":"https:\/\/ximivogue-ks.com\/index.php?rest_route=\/wp\/v2\/types\/product"}],"replies":[{"embeddable":true,"href":"https:\/\/ximivogue-ks.com\/index.php?rest_route=%2Fwp%2Fv2%2Fcomments&post=25274"}],"wp:featuredmedia":[{"embeddable":true,"href":"https:\/\/ximivogue-ks.com\/index.php?rest_route=\/wp\/v2\/media\/25295"}],"wp:attachment":[{"href":"https:\/\/ximivogue-ks.com\/index.php?rest_route=%2Fwp%2Fv2%2Fmedia&parent=25274"}],"wp:term":[{"taxonomy":"product_cat","embeddable":true,"href":"https:\/\/ximivogue-ks.com\/index.php?rest_route=%2Fwp%2Fv2%2Fproduct_cat&post=25274"},{"taxonomy":"product_tag","embeddable":true,"href":"https:\/\/ximivogue-ks.com\/index.php?rest_route=%2Fwp%2Fv2%2Fproduct_tag&post=25274"}],"curies":[{"name":"wp","href":"https:\/\/api.w.org\/{rel}","templated":true}]}}