{"id":25289,"date":"2024-08-08T13:34:26","date_gmt":"2024-08-08T13:34:26","guid":{"rendered":"https:\/\/ximivogue-ks.com\/?post_type=product&#038;p=25289"},"modified":"2025-09-01T17:33:33","modified_gmt":"2025-09-01T17:33:33","slug":"sandale-ne-forme-veture-per-femije-e-serise-cartoon","status":"publish","type":"product","link":"https:\/\/ximivogue-ks.com\/?product=sandale-ne-forme-veture-per-femije-e-serise-cartoon","title":{"rendered":"Sandale n\u00eb form\u00eb veture p\u00ebr f\u00ebmij\u00eb e seris\u00eb Cartoon"},"content":{"rendered":"","protected":false},"excerpt":{"rendered":"","protected":false},"featured_media":25302,"comment_status":"open","ping_status":"closed","template":"","meta":{"content-type":""},"product_cat":[1323,1324],"product_tag":[],"class_list":{"0":"post-25289","1":"product","2":"type-product","3":"status-publish","4":"has-post-thumbnail","6":"product_cat-sezonale","7":"product_cat-veshmbathje","9":"first","10":"outofstock","11":"shipping-taxable","12":"purchasable","13":"product-type-simple"},"_links":{"self":[{"href":"https:\/\/ximivogue-ks.com\/index.php?rest_route=\/wp\/v2\/product\/25289","targetHints":{"allow":["GET"]}}],"collection":[{"href":"https:\/\/ximivogue-ks.com\/index.php?rest_route=\/wp\/v2\/product"}],"about":[{"href":"https:\/\/ximivogue-ks.com\/index.php?rest_route=\/wp\/v2\/types\/product"}],"replies":[{"embeddable":true,"href":"https:\/\/ximivogue-ks.com\/index.php?rest_route=%2Fwp%2Fv2%2Fcomments&post=25289"}],"wp:featuredmedia":[{"embeddable":true,"href":"https:\/\/ximivogue-ks.com\/index.php?rest_route=\/wp\/v2\/media\/25302"}],"wp:attachment":[{"href":"https:\/\/ximivogue-ks.com\/index.php?rest_route=%2Fwp%2Fv2%2Fmedia&parent=25289"}],"wp:term":[{"taxonomy":"product_cat","embeddable":true,"href":"https:\/\/ximivogue-ks.com\/index.php?rest_route=%2Fwp%2Fv2%2Fproduct_cat&post=25289"},{"taxonomy":"product_tag","embeddable":true,"href":"https:\/\/ximivogue-ks.com\/index.php?rest_route=%2Fwp%2Fv2%2Fproduct_tag&post=25289"}],"curies":[{"name":"wp","href":"https:\/\/api.w.org\/{rel}","templated":true}]}}