{"id":25329,"date":"2024-08-08T13:35:08","date_gmt":"2024-08-08T13:35:08","guid":{"rendered":"https:\/\/ximivogue-ks.com\/?post_type=product&#038;p=25329"},"modified":"2024-11-06T10:54:20","modified_gmt":"2024-11-06T10:54:20","slug":"sandale-te-lehta-flip-flops-per-meshkuj-roze-45-46","status":"publish","type":"product","link":"https:\/\/ximivogue-ks.com\/?product=sandale-te-lehta-flip-flops-per-meshkuj-roze-45-46","title":{"rendered":"Sandale t\u00eb Lehta Flip-Flops p\u00ebr Meshkuj (Roz\u00eb 45-46)"},"content":{"rendered":"","protected":false},"excerpt":{"rendered":"","protected":false},"featured_media":25369,"comment_status":"open","ping_status":"closed","template":"","meta":{"content-type":""},"product_cat":[1323],"product_tag":[],"class_list":{"0":"post-25329","1":"product","2":"type-product","3":"status-publish","4":"has-post-thumbnail","6":"product_cat-sezonale","8":"first","9":"instock","10":"shipping-taxable","11":"purchasable","12":"product-type-simple"},"_links":{"self":[{"href":"https:\/\/ximivogue-ks.com\/index.php?rest_route=\/wp\/v2\/product\/25329","targetHints":{"allow":["GET"]}}],"collection":[{"href":"https:\/\/ximivogue-ks.com\/index.php?rest_route=\/wp\/v2\/product"}],"about":[{"href":"https:\/\/ximivogue-ks.com\/index.php?rest_route=\/wp\/v2\/types\/product"}],"replies":[{"embeddable":true,"href":"https:\/\/ximivogue-ks.com\/index.php?rest_route=%2Fwp%2Fv2%2Fcomments&post=25329"}],"wp:featuredmedia":[{"embeddable":true,"href":"https:\/\/ximivogue-ks.com\/index.php?rest_route=\/wp\/v2\/media\/25369"}],"wp:attachment":[{"href":"https:\/\/ximivogue-ks.com\/index.php?rest_route=%2Fwp%2Fv2%2Fmedia&parent=25329"}],"wp:term":[{"taxonomy":"product_cat","embeddable":true,"href":"https:\/\/ximivogue-ks.com\/index.php?rest_route=%2Fwp%2Fv2%2Fproduct_cat&post=25329"},{"taxonomy":"product_tag","embeddable":true,"href":"https:\/\/ximivogue-ks.com\/index.php?rest_route=%2Fwp%2Fv2%2Fproduct_tag&post=25329"}],"curies":[{"name":"wp","href":"https:\/\/api.w.org\/{rel}","templated":true}]}}