{"id":25376,"date":"2024-08-08T13:36:16","date_gmt":"2024-08-08T13:36:16","guid":{"rendered":"https:\/\/ximivogue-ks.com\/?post_type=product&#038;p=25376"},"modified":"2024-11-06T09:24:36","modified_gmt":"2024-11-06T09:24:36","slug":"kapele-elegante-me-kove-me-shkronja-te-printuara","status":"publish","type":"product","link":"https:\/\/ximivogue-ks.com\/?product=kapele-elegante-me-kove-me-shkronja-te-printuara","title":{"rendered":"Kapel\u00eb Elegante me Kov\u00eb me shkronja t\u00eb printuara"},"content":{"rendered":"","protected":false},"excerpt":{"rendered":"","protected":false},"featured_media":25405,"comment_status":"open","ping_status":"closed","template":"","meta":{"content-type":""},"product_cat":[1332,1323],"product_tag":[],"class_list":{"0":"post-25376","1":"product","2":"type-product","3":"status-publish","4":"has-post-thumbnail","6":"product_cat-kapele","7":"product_cat-sezonale","9":"first","10":"instock","11":"shipping-taxable","12":"purchasable","13":"product-type-simple"},"_links":{"self":[{"href":"https:\/\/ximivogue-ks.com\/index.php?rest_route=\/wp\/v2\/product\/25376","targetHints":{"allow":["GET"]}}],"collection":[{"href":"https:\/\/ximivogue-ks.com\/index.php?rest_route=\/wp\/v2\/product"}],"about":[{"href":"https:\/\/ximivogue-ks.com\/index.php?rest_route=\/wp\/v2\/types\/product"}],"replies":[{"embeddable":true,"href":"https:\/\/ximivogue-ks.com\/index.php?rest_route=%2Fwp%2Fv2%2Fcomments&post=25376"}],"wp:featuredmedia":[{"embeddable":true,"href":"https:\/\/ximivogue-ks.com\/index.php?rest_route=\/wp\/v2\/media\/25405"}],"wp:attachment":[{"href":"https:\/\/ximivogue-ks.com\/index.php?rest_route=%2Fwp%2Fv2%2Fmedia&parent=25376"}],"wp:term":[{"taxonomy":"product_cat","embeddable":true,"href":"https:\/\/ximivogue-ks.com\/index.php?rest_route=%2Fwp%2Fv2%2Fproduct_cat&post=25376"},{"taxonomy":"product_tag","embeddable":true,"href":"https:\/\/ximivogue-ks.com\/index.php?rest_route=%2Fwp%2Fv2%2Fproduct_tag&post=25376"}],"curies":[{"name":"wp","href":"https:\/\/api.w.org\/{rel}","templated":true}]}}