{"id":25412,"date":"2024-08-08T13:37:03","date_gmt":"2024-08-08T13:37:03","guid":{"rendered":"https:\/\/ximivogue-ks.com\/?post_type=product&#038;p=25412"},"modified":"2025-09-01T17:31:15","modified_gmt":"2025-09-01T17:31:15","slug":"cante-silikoni-per-bele-me-ngjyra-te-ndryshme-camera","status":"publish","type":"product","link":"https:\/\/ximivogue-ks.com\/?product=cante-silikoni-per-bele-me-ngjyra-te-ndryshme-camera","title":{"rendered":"\u00c7ant\u00eb silikoni p\u00ebr Bel\u00eb me ngjyra t\u00eb ndryshme Camera"},"content":{"rendered":"","protected":false},"excerpt":{"rendered":"","protected":false},"featured_media":25434,"comment_status":"open","ping_status":"closed","template":"","meta":{"content-type":""},"product_cat":[1319,1336],"product_tag":[],"class_list":{"0":"post-25412","1":"product","2":"type-product","3":"status-publish","4":"has-post-thumbnail","6":"product_cat-canta","7":"product_cat-canta-per-femije","9":"first","10":"outofstock","11":"shipping-taxable","12":"purchasable","13":"product-type-simple"},"_links":{"self":[{"href":"https:\/\/ximivogue-ks.com\/index.php?rest_route=\/wp\/v2\/product\/25412","targetHints":{"allow":["GET"]}}],"collection":[{"href":"https:\/\/ximivogue-ks.com\/index.php?rest_route=\/wp\/v2\/product"}],"about":[{"href":"https:\/\/ximivogue-ks.com\/index.php?rest_route=\/wp\/v2\/types\/product"}],"replies":[{"embeddable":true,"href":"https:\/\/ximivogue-ks.com\/index.php?rest_route=%2Fwp%2Fv2%2Fcomments&post=25412"}],"wp:featuredmedia":[{"embeddable":true,"href":"https:\/\/ximivogue-ks.com\/index.php?rest_route=\/wp\/v2\/media\/25434"}],"wp:attachment":[{"href":"https:\/\/ximivogue-ks.com\/index.php?rest_route=%2Fwp%2Fv2%2Fmedia&parent=25412"}],"wp:term":[{"taxonomy":"product_cat","embeddable":true,"href":"https:\/\/ximivogue-ks.com\/index.php?rest_route=%2Fwp%2Fv2%2Fproduct_cat&post=25412"},{"taxonomy":"product_tag","embeddable":true,"href":"https:\/\/ximivogue-ks.com\/index.php?rest_route=%2Fwp%2Fv2%2Fproduct_tag&post=25412"}],"curies":[{"name":"wp","href":"https:\/\/api.w.org\/{rel}","templated":true}]}}