{"id":25449,"date":"2024-08-08T13:37:51","date_gmt":"2024-08-08T13:37:51","guid":{"rendered":"https:\/\/ximivogue-ks.com\/?post_type=product&#038;p=25449"},"modified":"2024-11-06T09:15:20","modified_gmt":"2024-11-06T09:15:20","slug":"kuletee-gjate-per-femra-me-zemer-me-ngjyra-te-ndryshme","status":"publish","type":"product","link":"https:\/\/ximivogue-ks.com\/?product=kuletee-gjate-per-femra-me-zemer-me-ngjyra-te-ndryshme","title":{"rendered":"Kulet\u00eb e gjat\u00eb p\u00ebr Femra me zemer me ngjyra t\u00eb ndryshme"},"content":{"rendered":"","protected":false},"excerpt":{"rendered":"","protected":false},"featured_media":25463,"comment_status":"open","ping_status":"closed","template":"","meta":{"content-type":""},"product_cat":[1319,1334],"product_tag":[],"class_list":{"0":"post-25449","1":"product","2":"type-product","3":"status-publish","4":"has-post-thumbnail","6":"product_cat-canta","7":"product_cat-kuleta","9":"first","10":"instock","11":"shipping-taxable","12":"purchasable","13":"product-type-simple"},"_links":{"self":[{"href":"https:\/\/ximivogue-ks.com\/index.php?rest_route=\/wp\/v2\/product\/25449","targetHints":{"allow":["GET"]}}],"collection":[{"href":"https:\/\/ximivogue-ks.com\/index.php?rest_route=\/wp\/v2\/product"}],"about":[{"href":"https:\/\/ximivogue-ks.com\/index.php?rest_route=\/wp\/v2\/types\/product"}],"replies":[{"embeddable":true,"href":"https:\/\/ximivogue-ks.com\/index.php?rest_route=%2Fwp%2Fv2%2Fcomments&post=25449"}],"wp:featuredmedia":[{"embeddable":true,"href":"https:\/\/ximivogue-ks.com\/index.php?rest_route=\/wp\/v2\/media\/25463"}],"wp:attachment":[{"href":"https:\/\/ximivogue-ks.com\/index.php?rest_route=%2Fwp%2Fv2%2Fmedia&parent=25449"}],"wp:term":[{"taxonomy":"product_cat","embeddable":true,"href":"https:\/\/ximivogue-ks.com\/index.php?rest_route=%2Fwp%2Fv2%2Fproduct_cat&post=25449"},{"taxonomy":"product_tag","embeddable":true,"href":"https:\/\/ximivogue-ks.com\/index.php?rest_route=%2Fwp%2Fv2%2Fproduct_tag&post=25449"}],"curies":[{"name":"wp","href":"https:\/\/api.w.org\/{rel}","templated":true}]}}