{"id":25459,"date":"2024-08-08T13:38:12","date_gmt":"2024-08-08T13:38:12","guid":{"rendered":"https:\/\/ximivogue-ks.com\/?post_type=product&#038;p=25459"},"modified":"2025-09-01T17:30:03","modified_gmt":"2025-09-01T17:30:03","slug":"cante-silikoni-rainbow-ducke-serise-rainbow","status":"publish","type":"product","link":"https:\/\/ximivogue-ks.com\/?product=cante-silikoni-rainbow-ducke-serise-rainbow","title":{"rendered":"\u00c7ant\u00eb silikoni Rainbow Ducke seris\u00eb Rainbow"},"content":{"rendered":"","protected":false},"excerpt":{"rendered":"","protected":false},"featured_media":25465,"comment_status":"open","ping_status":"closed","template":"","meta":{"content-type":""},"product_cat":[1319,1336],"product_tag":[],"class_list":{"0":"post-25459","1":"product","2":"type-product","3":"status-publish","4":"has-post-thumbnail","6":"product_cat-canta","7":"product_cat-canta-per-femije","9":"first","10":"outofstock","11":"shipping-taxable","12":"purchasable","13":"product-type-simple"},"_links":{"self":[{"href":"https:\/\/ximivogue-ks.com\/index.php?rest_route=\/wp\/v2\/product\/25459","targetHints":{"allow":["GET"]}}],"collection":[{"href":"https:\/\/ximivogue-ks.com\/index.php?rest_route=\/wp\/v2\/product"}],"about":[{"href":"https:\/\/ximivogue-ks.com\/index.php?rest_route=\/wp\/v2\/types\/product"}],"replies":[{"embeddable":true,"href":"https:\/\/ximivogue-ks.com\/index.php?rest_route=%2Fwp%2Fv2%2Fcomments&post=25459"}],"wp:featuredmedia":[{"embeddable":true,"href":"https:\/\/ximivogue-ks.com\/index.php?rest_route=\/wp\/v2\/media\/25465"}],"wp:attachment":[{"href":"https:\/\/ximivogue-ks.com\/index.php?rest_route=%2Fwp%2Fv2%2Fmedia&parent=25459"}],"wp:term":[{"taxonomy":"product_cat","embeddable":true,"href":"https:\/\/ximivogue-ks.com\/index.php?rest_route=%2Fwp%2Fv2%2Fproduct_cat&post=25459"},{"taxonomy":"product_tag","embeddable":true,"href":"https:\/\/ximivogue-ks.com\/index.php?rest_route=%2Fwp%2Fv2%2Fproduct_tag&post=25459"}],"curies":[{"name":"wp","href":"https:\/\/api.w.org\/{rel}","templated":true}]}}