{"id":25474,"date":"2024-08-08T13:38:30","date_gmt":"2024-08-08T13:38:30","guid":{"rendered":"https:\/\/ximivogue-ks.com\/?post_type=product&#038;p=25474"},"modified":"2024-11-06T13:20:04","modified_gmt":"2024-11-06T13:20:04","slug":"grepa-ngjitese-ne-forme-j-2-cope-te-pastra","status":"publish","type":"product","link":"https:\/\/ximivogue-ks.com\/?product=grepa-ngjitese-ne-forme-j-2-cope-te-pastra","title":{"rendered":"Grepa ngjit\u00ebse n\u00eb form\u00eb J 2 cop\u00eb (t\u00eb pastra)"},"content":{"rendered":"","protected":false},"excerpt":{"rendered":"","protected":false},"featured_media":25494,"comment_status":"open","ping_status":"closed","template":"","meta":{"content-type":""},"product_cat":[1315],"product_tag":[],"class_list":{"0":"post-25474","1":"product","2":"type-product","3":"status-publish","4":"has-post-thumbnail","6":"product_cat-shtepiake","8":"first","9":"instock","10":"shipping-taxable","11":"purchasable","12":"product-type-simple"},"_links":{"self":[{"href":"https:\/\/ximivogue-ks.com\/index.php?rest_route=\/wp\/v2\/product\/25474","targetHints":{"allow":["GET"]}}],"collection":[{"href":"https:\/\/ximivogue-ks.com\/index.php?rest_route=\/wp\/v2\/product"}],"about":[{"href":"https:\/\/ximivogue-ks.com\/index.php?rest_route=\/wp\/v2\/types\/product"}],"replies":[{"embeddable":true,"href":"https:\/\/ximivogue-ks.com\/index.php?rest_route=%2Fwp%2Fv2%2Fcomments&post=25474"}],"wp:featuredmedia":[{"embeddable":true,"href":"https:\/\/ximivogue-ks.com\/index.php?rest_route=\/wp\/v2\/media\/25494"}],"wp:attachment":[{"href":"https:\/\/ximivogue-ks.com\/index.php?rest_route=%2Fwp%2Fv2%2Fmedia&parent=25474"}],"wp:term":[{"taxonomy":"product_cat","embeddable":true,"href":"https:\/\/ximivogue-ks.com\/index.php?rest_route=%2Fwp%2Fv2%2Fproduct_cat&post=25474"},{"taxonomy":"product_tag","embeddable":true,"href":"https:\/\/ximivogue-ks.com\/index.php?rest_route=%2Fwp%2Fv2%2Fproduct_tag&post=25474"}],"curies":[{"name":"wp","href":"https:\/\/api.w.org\/{rel}","templated":true}]}}