{"id":25500,"date":"2024-08-08T13:38:57","date_gmt":"2024-08-08T13:38:57","guid":{"rendered":"https:\/\/ximivogue-ks.com\/?post_type=product&#038;p=25500"},"modified":"2024-11-06T10:45:01","modified_gmt":"2024-11-06T10:45:01","slug":"kupe-qeramike-e-thjeshte-shume-ngjyreshe-bowknot","status":"publish","type":"product","link":"https:\/\/ximivogue-ks.com\/?product=kupe-qeramike-e-thjeshte-shume-ngjyreshe-bowknot","title":{"rendered":"Kup\u00eb Qeramike e thjesht\u00eb shum\u00eb-ngjyr\u00ebshe Bowknot"},"content":{"rendered":"","protected":false},"excerpt":{"rendered":"","protected":false},"featured_media":25526,"comment_status":"open","ping_status":"closed","template":"","meta":{"content-type":""},"product_cat":[1317],"product_tag":[],"class_list":{"0":"post-25500","1":"product","2":"type-product","3":"status-publish","4":"has-post-thumbnail","6":"product_cat-gota-dhe-shishe","8":"first","9":"outofstock","10":"shipping-taxable","11":"purchasable","12":"product-type-simple"},"_links":{"self":[{"href":"https:\/\/ximivogue-ks.com\/index.php?rest_route=\/wp\/v2\/product\/25500","targetHints":{"allow":["GET"]}}],"collection":[{"href":"https:\/\/ximivogue-ks.com\/index.php?rest_route=\/wp\/v2\/product"}],"about":[{"href":"https:\/\/ximivogue-ks.com\/index.php?rest_route=\/wp\/v2\/types\/product"}],"replies":[{"embeddable":true,"href":"https:\/\/ximivogue-ks.com\/index.php?rest_route=%2Fwp%2Fv2%2Fcomments&post=25500"}],"wp:featuredmedia":[{"embeddable":true,"href":"https:\/\/ximivogue-ks.com\/index.php?rest_route=\/wp\/v2\/media\/25526"}],"wp:attachment":[{"href":"https:\/\/ximivogue-ks.com\/index.php?rest_route=%2Fwp%2Fv2%2Fmedia&parent=25500"}],"wp:term":[{"taxonomy":"product_cat","embeddable":true,"href":"https:\/\/ximivogue-ks.com\/index.php?rest_route=%2Fwp%2Fv2%2Fproduct_cat&post=25500"},{"taxonomy":"product_tag","embeddable":true,"href":"https:\/\/ximivogue-ks.com\/index.php?rest_route=%2Fwp%2Fv2%2Fproduct_tag&post=25500"}],"curies":[{"name":"wp","href":"https:\/\/api.w.org\/{rel}","templated":true}]}}