{"id":25556,"date":"2024-08-08T13:40:33","date_gmt":"2024-08-08T13:40:33","guid":{"rendered":"https:\/\/ximivogue-ks.com\/?post_type=product&#038;p=25556"},"modified":"2024-11-06T08:53:17","modified_gmt":"2024-11-06T08:53:17","slug":"doreza-izoluese-ndaj-nxehtesise-me-ngjyra-gradient","status":"publish","type":"product","link":"https:\/\/ximivogue-ks.com\/?product=doreza-izoluese-ndaj-nxehtesise-me-ngjyra-gradient","title":{"rendered":"Dor\u00ebza izoluese ndaj nxeht\u00ebsis\u00eb me ngjyra gradient"},"content":{"rendered":"","protected":false},"excerpt":{"rendered":"","protected":false},"featured_media":25563,"comment_status":"open","ping_status":"closed","template":"","meta":{"content-type":""},"product_cat":[1335,1315],"product_tag":[],"class_list":{"0":"post-25556","1":"product","2":"type-product","3":"status-publish","4":"has-post-thumbnail","6":"product_cat-pajisje-per-kuzhine","7":"product_cat-shtepiake","9":"first","10":"instock","11":"shipping-taxable","12":"purchasable","13":"product-type-simple"},"_links":{"self":[{"href":"https:\/\/ximivogue-ks.com\/index.php?rest_route=\/wp\/v2\/product\/25556","targetHints":{"allow":["GET"]}}],"collection":[{"href":"https:\/\/ximivogue-ks.com\/index.php?rest_route=\/wp\/v2\/product"}],"about":[{"href":"https:\/\/ximivogue-ks.com\/index.php?rest_route=\/wp\/v2\/types\/product"}],"replies":[{"embeddable":true,"href":"https:\/\/ximivogue-ks.com\/index.php?rest_route=%2Fwp%2Fv2%2Fcomments&post=25556"}],"wp:featuredmedia":[{"embeddable":true,"href":"https:\/\/ximivogue-ks.com\/index.php?rest_route=\/wp\/v2\/media\/25563"}],"wp:attachment":[{"href":"https:\/\/ximivogue-ks.com\/index.php?rest_route=%2Fwp%2Fv2%2Fmedia&parent=25556"}],"wp:term":[{"taxonomy":"product_cat","embeddable":true,"href":"https:\/\/ximivogue-ks.com\/index.php?rest_route=%2Fwp%2Fv2%2Fproduct_cat&post=25556"},{"taxonomy":"product_tag","embeddable":true,"href":"https:\/\/ximivogue-ks.com\/index.php?rest_route=%2Fwp%2Fv2%2Fproduct_tag&post=25556"}],"curies":[{"name":"wp","href":"https:\/\/api.w.org\/{rel}","templated":true}]}}