{"id":25577,"date":"2024-08-08T13:40:51","date_gmt":"2024-08-08T13:40:51","guid":{"rendered":"https:\/\/ximivogue-ks.com\/?post_type=product&#038;p=25577"},"modified":"2024-11-26T08:44:53","modified_gmt":"2024-11-26T08:44:53","slug":"luge-darke-me-doreze-te-rrumbullaket-qeramike-te-koleksionit-wavy","status":"publish","type":"product","link":"https:\/\/ximivogue-ks.com\/?product=luge-darke-me-doreze-te-rrumbullaket-qeramike-te-koleksionit-wavy","title":{"rendered":"Lug\u00eb Darke me dorez\u00eb t\u00eb rrumbullak\u00ebt qeramike t\u00eb Koleksionit Wavy"},"content":{"rendered":"","protected":false},"excerpt":{"rendered":"","protected":false},"featured_media":25593,"comment_status":"open","ping_status":"closed","template":"","meta":{"content-type":""},"product_cat":[1335,1315],"product_tag":[],"class_list":{"0":"post-25577","1":"product","2":"type-product","3":"status-publish","4":"has-post-thumbnail","6":"product_cat-pajisje-per-kuzhine","7":"product_cat-shtepiake","9":"first","10":"instock","11":"shipping-taxable","12":"purchasable","13":"product-type-simple"},"_links":{"self":[{"href":"https:\/\/ximivogue-ks.com\/index.php?rest_route=\/wp\/v2\/product\/25577","targetHints":{"allow":["GET"]}}],"collection":[{"href":"https:\/\/ximivogue-ks.com\/index.php?rest_route=\/wp\/v2\/product"}],"about":[{"href":"https:\/\/ximivogue-ks.com\/index.php?rest_route=\/wp\/v2\/types\/product"}],"replies":[{"embeddable":true,"href":"https:\/\/ximivogue-ks.com\/index.php?rest_route=%2Fwp%2Fv2%2Fcomments&post=25577"}],"wp:featuredmedia":[{"embeddable":true,"href":"https:\/\/ximivogue-ks.com\/index.php?rest_route=\/wp\/v2\/media\/25593"}],"wp:attachment":[{"href":"https:\/\/ximivogue-ks.com\/index.php?rest_route=%2Fwp%2Fv2%2Fmedia&parent=25577"}],"wp:term":[{"taxonomy":"product_cat","embeddable":true,"href":"https:\/\/ximivogue-ks.com\/index.php?rest_route=%2Fwp%2Fv2%2Fproduct_cat&post=25577"},{"taxonomy":"product_tag","embeddable":true,"href":"https:\/\/ximivogue-ks.com\/index.php?rest_route=%2Fwp%2Fv2%2Fproduct_tag&post=25577"}],"curies":[{"name":"wp","href":"https:\/\/api.w.org\/{rel}","templated":true}]}}